{"id":10492,"date":"2023-09-13T16:51:53","date_gmt":"2023-09-13T14:51:53","guid":{"rendered":"https:\/\/mostazacomunicacion.com\/?page_id=10492"},"modified":"2025-02-06T11:49:45","modified_gmt":"2025-02-06T09:49:45","slug":"sostenibilidad","status":"publish","type":"page","link":"https:\/\/mostazacomunicacion.com\/en\/sostenibilidad\/","title":{"rendered":"Sostenibilidad"},"content":{"rendered":"<div  class=\"tatsu-r1-SVNdrHF tatsu-section  tatsu-bg-overlay   tatsu-clearfix\" data-title=\"\"  data-headerscheme=\"background--dark\"><div class='tatsu-section-pad clearfix' data-padding='{\"d\":\"190px 0px 20px 0px\"}' data-padding-top='190px'><div class=\"tatsu-row-wrap  tatsu-wrap tatsu-row-one-col tatsu-row-has-one-cols tatsu-medium-gutter tatsu-reg-cols  tatsu-clearfix tatsu-r1xrEE_rHK\" ><div  class=\"tatsu-row \" ><div  class=\"tatsu-column  tatsu-bg-overlay tatsu-one-col tatsu-column-image-none tatsu-column-effect-none  tatsu-B1H4NuSHt\"  data-parallax-speed=\"0\" style=\"\"><div class=\"tatsu-column-inner \" ><div class=\"tatsu-column-pad-wrap\"><div class=\"tatsu-column-pad\" ><div  class=\"tatsu-module tatsu-text-block-wrap tatsu-HkE3BurHF  \"><div class=\"tatsu-text-inner tatsu-align-center  clearfix\" ><style>.tatsu-HkE3BurHF.tatsu-text-block-wrap .tatsu-text-inner{width: 100%;text-align: left;color: rgba(255,255,255,1) ;}.tatsu-HkE3BurHF.tatsu-text-block-wrap{margin: 0px 0px 10px 0px;}.tatsu-HkE3BurHF .tatsu-text-inner *{color: rgba(255,255,255,1) ;}.tatsu-HkE3BurHF.tatsu-text-block-wrap .tatsu-text-inner *{font-size : 180%;}<\/style>\n<p>Casos de \u00e9xito<\/p>\n<\/div><\/div><div  class=\"tatsu-module tatsu-divider-wrap  tatsu-ry5NHVCqF   \"  ><style>.tatsu-ry5NHVCqF .tatsu-divider{height: 1px;width: 100%;background: #efefef;}.tatsu-ry5NHVCqF.tatsu-divider-wrap{text-align: left;}<\/style><hr class=\"tatsu-divider\"\/><\/div><\/div><\/div><div class = \"tatsu-column-bg-image-wrap\"><div class = \"tatsu-column-bg-image\" ><\/div><\/div><div class=\"tatsu-overlay tatsu-column-overlay tatsu-animate-none\" ><\/div><\/div><style>.tatsu-row > .tatsu-B1H4NuSHt.tatsu-column{width: 100%;}.tatsu-B1H4NuSHt.tatsu-column > .tatsu-column-inner > .tatsu-column-overlay{mix-blend-mode: normal;}.tatsu-B1H4NuSHt > .tatsu-column-inner > .tatsu-top-divider{z-index: 9999;}.tatsu-B1H4NuSHt > .tatsu-column-inner > .tatsu-bottom-divider{z-index: 9999;}.tatsu-B1H4NuSHt > .tatsu-column-inner > .tatsu-left-divider{z-index: 9999;}.tatsu-B1H4NuSHt > .tatsu-column-inner > .tatsu-right-divider{z-index: 9999;}@media only screen and (max-width:1377px) {.tatsu-row > .tatsu-B1H4NuSHt.tatsu-column{width: 100%;}}@media only screen and (min-width:768px) and (max-width: 1024px) {.tatsu-row > .tatsu-B1H4NuSHt.tatsu-column{width: 100%;}}@media only screen and (max-width: 767px) {.tatsu-row > .tatsu-B1H4NuSHt.tatsu-column{width: 100%;}}<\/style><\/div><\/div><\/div><\/div><div class=\"tatsu-section-background-wrap\"><div class = \"tatsu-section-background\" ><\/div><\/div><div class=\"tatsu-overlay tatsu-section-overlay\"><\/div><style>.tatsu-r1-SVNdrHF.tatsu-section{background-color: rgba(0,0,0,1);}.tatsu-r1-SVNdrHF .tatsu-section-pad{padding: 190px 0px 20px 0px;}.tatsu-r1-SVNdrHF .tatsu-section-offset-wrap{transform: translateY(-0px);}.tatsu-r1-SVNdrHF > .tatsu-bottom-divider{z-index: 9999;}.tatsu-r1-SVNdrHF > .tatsu-top-divider{z-index: 9999;}.tatsu-r1-SVNdrHF .tatsu-section-overlay{mix-blend-mode: normal;}<\/style><\/div><div  class=\"tatsu-ByjQvLnxa tatsu-section  tatsu-bg-overlay   tatsu-clearfix\" data-title=\"\"  data-headerscheme=\"background--dark\"><div class='tatsu-section-pad clearfix' data-padding='{\"d\":\"0px 0px 0px 0px\"}' data-padding-top='0px'><div class=\"tatsu-row-wrap  tatsu-row-full-width tatsu-row-one-col tatsu-row-has-one-cols tatsu-medium-gutter tatsu-reg-cols  tatsu-clearfix tatsu-BygoQw8he6\" ><div  class=\"tatsu-row \" ><div  class=\"tatsu-column  tatsu-bg-overlay tatsu-one-col tatsu-column-image-none tatsu-column-effect-none  tatsu-SyWoXP82x6\"  data-parallax-speed=\"0\" style=\"\"><div class=\"tatsu-column-inner \" ><div class=\"tatsu-column-pad-wrap\"><div class=\"tatsu-column-pad\" ><div  class=\"tatsu-module tatsu-button-group align-center tatsu-S1fj7wI2g6  \"  ><div  class=\"tatsu-module tatsu-normal-button tatsu-button-wrap   tatsu-BJQoXDUhe6   \"><a class=\"tatsu-shortcode smallbtn tatsu-button left-icon rounded   bg-animation-none  \" href=\"https:\/\/mostazacomunicacion.com\/marca-y-proposito-2023\/\" style= \"\"  aria-label=\"Marca y prop\u00f3sito\" data-gdpr-atts={} >Marca y prop\u00f3sito<\/a><style>.tatsu-BJQoXDUhe6 .tatsu-button:hover{background-color: #dbaa00;}.tatsu-BJQoXDUhe6 .tatsu-button{color: #ffffff ;}.tatsu-BJQoXDUhe6.tatsu-button-wrap{margin: 0px 1% 0px 0px;}.tatsu-BJQoXDUhe6{padding: 0px 0 0 0;}<\/style><\/div><div  class=\"tatsu-module tatsu-normal-button tatsu-button-wrap   tatsu-ByNs7DL3l6   \"><a class=\"tatsu-shortcode smallbtn tatsu-button left-icon rounded   bg-animation-none  \" href=\"https:\/\/mostazacomunicacion.com\/cultura-y-organizacion-2023\/\" style= \"\"  aria-label=\"Cultura y organizaci\u00f3n\" data-gdpr-atts={} >Cultura y organizaci\u00f3n<\/a><style>.tatsu-ByNs7DL3l6 .tatsu-button:hover{background-color: #dbaa00;}.tatsu-ByNs7DL3l6 .tatsu-button{color: #ffffff ;}.tatsu-ByNs7DL3l6.tatsu-button-wrap{margin: 0px 1% 0px 0px;}.tatsu-ByNs7DL3l6{padding: 0px 0 0 0;}<\/style><\/div><div  class=\"tatsu-module tatsu-normal-button tatsu-button-wrap   tatsu-rkSiQDI2gT   \"><a class=\"tatsu-shortcode smallbtn tatsu-button left-icon rounded   bg-animation-none  \" href=\"https:\/\/mostazacomunicacion.com\/experiencia-de-empleado\" style= \"\"  aria-label=\"Experiencia de emplead@\" data-gdpr-atts={} >Experiencia de emplead@<\/a><style>.tatsu-rkSiQDI2gT .tatsu-button:hover{background-color: #dbaa00;}.tatsu-rkSiQDI2gT .tatsu-button{color: #ffffff ;}.tatsu-rkSiQDI2gT.tatsu-button-wrap{margin: 0px 1% 0px 0px;}.tatsu-rkSiQDI2gT{padding: 0px 0 0 0;}<\/style><\/div><div  class=\"tatsu-module tatsu-normal-button tatsu-button-wrap   tatsu-HJLoQvU2xp   \"><a class=\"tatsu-shortcode smallbtn tatsu-button left-icon rounded   bg-animation-none  \" href=\"https:\/\/mostazacomunicacion.com\/cliente-en-el-centro-2023\/\" style= \"\"  aria-label=\"Cliente en el centro\" data-gdpr-atts={} >Cliente en el centro<\/a><style>.tatsu-HJLoQvU2xp .tatsu-button:hover{background-color: #dbaa00;}.tatsu-HJLoQvU2xp .tatsu-button{color: #ffffff ;}.tatsu-HJLoQvU2xp.tatsu-button-wrap{margin: 0px 1% 0px 0px;}.tatsu-HJLoQvU2xp{padding: 0px 0 0 0;}<\/style><\/div><\/div><style>.tatsu-S1fj7wI2g6.tatsu-button-group{margin: 0px 0px 0px 0px;}.tatsu-S1fj7wI2g6{padding: 0px 0 0 0;}<\/style><div  class=\"tatsu-module tatsu-button-group align-center tatsu-ByPjXwUnx6  \"  ><div  class=\"tatsu-module tatsu-normal-button tatsu-button-wrap   tatsu-Sk_o7wUnl6   \"><a class=\"tatsu-shortcode smallbtn tatsu-button left-icon rounded   bg-animation-none  \" href=\"https:\/\/mostazacomunicacion.com\/modelo-operativo\/\" style= \"\"  aria-label=\"MOdelo operativo\" data-gdpr-atts={} >MOdelo operativo<\/a><style>.tatsu-Sk_o7wUnl6 .tatsu-button:hover{background-color: #dbaa00;}.tatsu-Sk_o7wUnl6 .tatsu-button{color: #ffffff ;}.tatsu-Sk_o7wUnl6.tatsu-button-wrap{margin: 0px 1% 0px 0px;}.tatsu-Sk_o7wUnl6{padding: 0px 0 0 0;}<\/style><\/div><div  class=\"tatsu-module tatsu-normal-button tatsu-button-wrap   tatsu-ryYjQwInlT   \"><a class=\"tatsu-shortcode smallbtn tatsu-button left-icon rounded   bg-animation-none  \" href=\"https:\/\/mostazacomunicacion.com\/digitalizacion-2023\/\" style= \"\"  aria-label=\"Digitalizaci\u00f3n\" data-gdpr-atts={} >Digitalizaci\u00f3n<\/a><style>.tatsu-ryYjQwInlT .tatsu-button:hover{background-color: #dbaa00;}.tatsu-ryYjQwInlT .tatsu-button{color: #ffffff ;}.tatsu-ryYjQwInlT.tatsu-button-wrap{margin: 0px 1% 0px 0px;}.tatsu-ryYjQwInlT{padding: 0px 0 0 0;}<\/style><\/div><div  class=\"tatsu-module tatsu-normal-button tatsu-button-wrap   tatsu-Hyqs7DL2ea   \"><a class=\"tatsu-shortcode smallbtn tatsu-button left-icon rounded   bg-animation-none  \" href=\"https:\/\/mostazacomunicacion.com\/internacionalizacion-2023\/\" style= \"\"  aria-label=\"Internacionalizaci\u00f3n\" data-gdpr-atts={} >Internacionalizaci\u00f3n<\/a><style>.tatsu-Hyqs7DL2ea .tatsu-button:hover{background-color: #dbaa00;}.tatsu-Hyqs7DL2ea .tatsu-button{color: #ffffff ;}.tatsu-Hyqs7DL2ea.tatsu-button-wrap{margin: 0px 1% 0px 0px;}.tatsu-Hyqs7DL2ea{padding: 0px 0 0 0;}<\/style><\/div><div  class=\"tatsu-module tatsu-normal-button tatsu-button-wrap   tatsu-Skoi7wIhea   \"><a class=\"tatsu-shortcode smallbtn tatsu-button left-icon rounded   bg-animation-none  \" href=\"https:\/\/mostazacomunicacion.com\/sostenibilidad\/\" style= \"\"  aria-label=\"Sostenibilidad\" data-gdpr-atts={} >Sostenibilidad<\/a><style>.tatsu-Skoi7wIhea .tatsu-button{background-color: #dbaa00;color: #ffffff ;}.tatsu-Skoi7wIhea .tatsu-button:hover{background-color: #dbaa00;}.tatsu-Skoi7wIhea.tatsu-button-wrap{margin: 0px 1% 0px 0px;}.tatsu-Skoi7wIhea{padding: 0px 0 0 0;}<\/style><\/div><\/div><style>.tatsu-ByPjXwUnx6.tatsu-button-group{margin: 0px 0px 0px 0px;}.tatsu-ByPjXwUnx6{padding: 0px 0 0 0;}<\/style><\/div><\/div><div class = \"tatsu-column-bg-image-wrap\"><div class = \"tatsu-column-bg-image\" ><\/div><\/div><div class=\"tatsu-overlay tatsu-column-overlay tatsu-animate-none\" ><\/div><\/div><style>.tatsu-row > .tatsu-SyWoXP82x6.tatsu-column{width: 100%;}.tatsu-SyWoXP82x6.tatsu-column > .tatsu-column-inner > .tatsu-column-overlay{mix-blend-mode: normal;}.tatsu-SyWoXP82x6 > .tatsu-column-inner > .tatsu-top-divider{z-index: 9999;}.tatsu-SyWoXP82x6 > .tatsu-column-inner > .tatsu-bottom-divider{z-index: 9999;}.tatsu-SyWoXP82x6 > .tatsu-column-inner > .tatsu-left-divider{z-index: 9999;}.tatsu-SyWoXP82x6 > .tatsu-column-inner > .tatsu-right-divider{z-index: 9999;}@media only screen and (max-width:1377px) {.tatsu-row > .tatsu-SyWoXP82x6.tatsu-column{width: 100%;}}@media only screen and (min-width:768px) and (max-width: 1024px) {.tatsu-row > .tatsu-SyWoXP82x6.tatsu-column{width: 100%;}}@media only screen and (max-width: 767px) {.tatsu-row > .tatsu-SyWoXP82x6.tatsu-column{width: 100%;}}<\/style><\/div><\/div><\/div><\/div><div class=\"tatsu-section-background-wrap\"><div class = \"tatsu-section-background\" ><\/div><\/div><div class=\"tatsu-overlay tatsu-section-overlay\"><\/div><style>.tatsu-ByjQvLnxa.tatsu-section{background-color: rgba(0,0,0,1);}.tatsu-ByjQvLnxa .tatsu-section-offset-wrap{transform: translateY(-0px);}.tatsu-ByjQvLnxa > .tatsu-bottom-divider{z-index: 9999;}.tatsu-ByjQvLnxa > .tatsu-top-divider{z-index: 9999;}.tatsu-ByjQvLnxa .tatsu-section-overlay{mix-blend-mode: normal;}<\/style><\/div><div  class=\"tatsu-SkyR2zyiK tatsu-section  tatsu-bg-overlay   tatsu-clearfix\" data-title=\"\"  data-headerscheme=\"background--dark\"><div class='tatsu-section-pad clearfix' data-padding='{\"d\":\"0px 0px 90px 0px\"}' data-padding-top='0px'><div class=\"tatsu-row-wrap  tatsu-wrap tatsu-row-one-col tatsu-row-has-one-cols tatsu-medium-gutter tatsu-reg-cols  tatsu-clearfix tatsu-HJlJChGyoY\" ><div  class=\"tatsu-row \" ><div  class=\"tatsu-column  tatsu-bg-overlay tatsu-one-col tatsu-column-image-none tatsu-column-effect-none  tatsu-rkZJChfkoY\"  data-parallax-speed=\"0\" style=\"\"><div class=\"tatsu-column-inner \" ><div class=\"tatsu-column-pad-wrap\"><div class=\"tatsu-column-pad\" ><div  class=\"tatsu-module tatsu-divider-wrap  tatsu-S1MkC2z1jK   \"  ><style>.tatsu-S1MkC2z1jK .tatsu-divider{height: 1px;width: 100%;background: #efefef;}.tatsu-S1MkC2z1jK.tatsu-divider-wrap{text-align: left;}<\/style><hr class=\"tatsu-divider\"\/><\/div><div  class=\"tatsu-module tatsu-animated-heading-wrap anime_slide_cursor  tatsu-HyVkR3zyst   \"  data-anime-type=\"anime_slide_cursor\" data-anime-duration=\"20\" ><div class=\"tatsu-animated-heading-inner-wrap\" ><h1 class=\"tatsu-animated-heading-inner\">Sostenibilidad<\/h1><span class=\"tatsu-animated-heading-line tatsu-animated-heading-line2\"><\/span><\/div><style>.tatsu-HyVkR3zyst.tatsu-animated-heading-wrap{text-align: left;}.tatsu-HyVkR3zyst .tatsu-animated-heading-inner{color: #ffffff ;}.tatsu-HyVkR3zyst .tatsu-animated-heading-line{background: #dbaa00;}<\/style><\/div><div  class=\"tatsu-module tatsu-text-block-wrap tatsu-rkSy0hfkoF  \"><div class=\"tatsu-text-inner   clearfix\" ><style>.tatsu-rkSy0hfkoF.tatsu-text-block-wrap .tatsu-text-inner{width: 80%;text-align: left;color: rgba(255,255,255,1) ;}.tatsu-rkSy0hfkoF .tatsu-text-inner *{color: rgba(255,255,255,1) ;}@media only screen and (max-width: 767px) {.tatsu-rkSy0hfkoF.tatsu-text-block-wrap .tatsu-text-inner{width: 100%;}}<\/style>\n<p>Incorporamos la sostenibilidad como eje transversal de la compa\u00f1\u00eda y adaptamos el storytelling al storydoing<\/p>\n<\/div><\/div><\/div><\/div><div class = \"tatsu-column-bg-image-wrap\"><div class = \"tatsu-column-bg-image\" ><\/div><\/div><div class=\"tatsu-overlay tatsu-column-overlay tatsu-animate-none\" ><\/div><\/div><style>.tatsu-row > .tatsu-rkZJChfkoY.tatsu-column{width: 100%;}.tatsu-rkZJChfkoY.tatsu-column > .tatsu-column-inner > .tatsu-column-overlay{mix-blend-mode: normal;}.tatsu-rkZJChfkoY > .tatsu-column-inner > .tatsu-top-divider{z-index: 9999;}.tatsu-rkZJChfkoY > .tatsu-column-inner > .tatsu-bottom-divider{z-index: 9999;}.tatsu-rkZJChfkoY > .tatsu-column-inner > .tatsu-left-divider{z-index: 9999;}.tatsu-rkZJChfkoY > .tatsu-column-inner > .tatsu-right-divider{z-index: 9999;}@media only screen and (max-width:1377px) {.tatsu-row > .tatsu-rkZJChfkoY.tatsu-column{width: 100%;}}@media only screen and (min-width:768px) and (max-width: 1024px) {.tatsu-row > .tatsu-rkZJChfkoY.tatsu-column{width: 100%;}}@media only screen and (max-width: 767px) {.tatsu-row > .tatsu-rkZJChfkoY.tatsu-column{width: 100%;}}<\/style><\/div><\/div><\/div><\/div><div class=\"tatsu-section-background-wrap\"><div class = \"tatsu-section-background\" ><\/div><\/div><div class=\"tatsu-overlay tatsu-section-overlay\"><\/div><style>.tatsu-SkyR2zyiK.tatsu-section{background-color: rgba(0,0,0,1);}.tatsu-SkyR2zyiK .tatsu-section-pad{padding: 0px 0px 90px 0px;}.tatsu-SkyR2zyiK .tatsu-section-offset-wrap{transform: translateY(-0px);}.tatsu-SkyR2zyiK > .tatsu-bottom-divider{z-index: 9999;}.tatsu-SkyR2zyiK > .tatsu-top-divider{z-index: 9999;}.tatsu-SkyR2zyiK .tatsu-section-overlay{mix-blend-mode: normal;}<\/style><\/div><div  class=\"tatsu-By-lah_SHY tatsu-section  tatsu-bg-overlay   tatsu-clearfix\" data-title=\"\"  data-headerscheme=\"background--dark\"><div class='tatsu-section-pad clearfix' data-padding='{\"d\":\"0px 0px 0px 0px\"}' data-padding-top='0px'><div class=\"tatsu-row-wrap  tatsu-row-full-width tatsu-row-one-col tatsu-row-has-one-cols tatsu-no-gutter tatsu-reg-cols  tatsu-clearfix tatsu-SJge6hOrrt\" ><div  class=\"tatsu-row \" ><div  class=\"tatsu-column  tatsu-bg-overlay tatsu-one-col tatsu-column-image-none tatsu-column-effect-none  tatsu-ByvZpOBSY\"  data-parallax-speed=\"0\" style=\"\"><div class=\"tatsu-column-inner \" ><div class=\"tatsu-column-pad-wrap\"><div class=\"tatsu-column-pad\" ><div class=\"oshine-module oshine-am-fh display-block  tatsu-B1AcmFBrF\"><style>.tatsu-B1AcmFBrF .animate-icon-module-style1-wrap{height: 500px;}<\/style><div class=\"animate-icon-module-style1-wrap-container\"><div class=\"animate-icon-module-style1-wrap clearfix\" data-gutter-width=\"0\"><a  href=\"#\" class=\"animate-icon-module-style1 be-bg-cover animate-icon-module ai-has-overlay right-animate tatsu-Byfd9tSBY   \" ><style>.tatsu-Byfd9tSBY .font-icon{font-size: 30px;color: #ffffff ;}.tatsu-Byfd9tSBY .title_content{color: #ffffff ;}.tatsu-Byfd9tSBY{background-image: url(https:\/\/mostazacomunicacion.com\/wp-content\/uploads\/2023\/09\/ProjectEarth-GBFoods.webp);}.tatsu-Byfd9tSBY:hover{background-color: #dbaa00;}.tatsu-Byfd9tSBY:hover .ai-overlay{background-color: rgba(3,72,31,1);}<\/style><div class=\"animate-icon-module-normal-content\"><div class=\"display-table\"><div class=\"display-table-cell vertical-align-middle\"><i class=\"font-icon \" ><\/i><\/div><\/div><\/div><div class=\"animate-icon-module-hover-content\"><div class=\"display-table\"><div class=\"display-table-cell vertical-align-middle\">\n<div style=\"text-align: left; padding: 20px; color: #ffffff;\">\n<h2><span style=\"color: #ffffff;\">GB Foods<\/span><\/h2>\n<h4><span style=\"color: #ffffff;\">Project Earth<br \/><\/span><\/h4>\n<p><span style=\"color: #ffffff;\">Conmover y convencer sobre la importancia de la sostenibilidad. <br \/>Transmitir el compromiso de GBFoods con convivir en equilibrio con nuestro entorno.<br \/><\/span><\/p>\n<\/div>\n<\/div><\/div><\/div><div class=\"ai-overlay\" ><\/div><\/a><\/div><\/div><\/div><\/div><\/div><div class = \"tatsu-column-bg-image-wrap\"><div class = \"tatsu-column-bg-image\" ><\/div><\/div><div class=\"tatsu-overlay tatsu-column-overlay tatsu-animate-none\" ><\/div><\/div><style>.tatsu-row > .tatsu-ByvZpOBSY.tatsu-column{width: 100%;}.tatsu-ByvZpOBSY.tatsu-column{margin: 0 0 0px 0 !important;}.tatsu-ByvZpOBSY.tatsu-column > .tatsu-column-inner > .tatsu-column-overlay{mix-blend-mode: normal;}.tatsu-ByvZpOBSY > .tatsu-column-inner > .tatsu-top-divider{z-index: 9999;}.tatsu-ByvZpOBSY > .tatsu-column-inner > .tatsu-bottom-divider{z-index: 9999;}.tatsu-ByvZpOBSY > .tatsu-column-inner > .tatsu-left-divider{z-index: 9999;}.tatsu-ByvZpOBSY > .tatsu-column-inner > .tatsu-right-divider{z-index: 9999;}@media only screen and (max-width:1377px) {.tatsu-row > .tatsu-ByvZpOBSY.tatsu-column{width: 100%;}}@media only screen and (min-width:768px) and (max-width: 1024px) {.tatsu-row > .tatsu-ByvZpOBSY.tatsu-column{width: 100%;}}@media only screen and (max-width: 767px) {.tatsu-row > .tatsu-ByvZpOBSY.tatsu-column{width: 100%;}.tatsu-ByvZpOBSY.tatsu-column{margin: 0 0 0px 0 !important;}}<\/style><\/div><\/div><\/div><\/div><div class=\"tatsu-section-background-wrap\"><div class = \"tatsu-section-background\" ><\/div><\/div><div class=\"tatsu-overlay tatsu-section-overlay\"><\/div><style>.tatsu-By-lah_SHY .tatsu-section-offset-wrap{transform: translateY(-0px);}.tatsu-By-lah_SHY > .tatsu-bottom-divider{z-index: 9999;}.tatsu-By-lah_SHY > .tatsu-top-divider{z-index: 9999;}.tatsu-By-lah_SHY .tatsu-section-overlay{background: #222222;mix-blend-mode: normal;}<\/style><\/div>\n","protected":false},"excerpt":{"rendered":"<p><a href=\"https:\/\/mostazacomunicacion.com\/en\/sostenibilidad\/\" class=\"more-link style1-button\">Read More<\/a><\/p>","protected":false},"author":1,"featured_media":0,"parent":0,"menu_order":0,"comment_status":"closed","ping_status":"closed","template":"","meta":{"footnotes":""},"class_list":["post-10492","page","type-page","status-publish","hentry"],"yoast_head":"<!-- This site is optimized with the Yoast SEO plugin v27.4 - https:\/\/yoast.com\/product\/yoast-seo-wordpress\/ -->\n<title>Sostenibilidad - Mostaza Comunicaci\u00f3n<\/title>\n<meta name=\"description\" content=\"Establecemos acciones de comunicaci\u00f3n para favorece la internacionalizaci\u00f3n de tu compa\u00f1\u00eda.\" \/>\n<meta name=\"robots\" content=\"index, follow, max-snippet:-1, max-image-preview:large, max-video-preview:-1\" \/>\n<link rel=\"canonical\" href=\"https:\/\/mostazacomunicacion.com\/en\/sostenibilidad\/\" \/>\n<meta property=\"og:locale\" content=\"en_US\" \/>\n<meta property=\"og:type\" content=\"article\" \/>\n<meta property=\"og:title\" content=\"Sostenibilidad - Mostaza Comunicaci\u00f3n\" \/>\n<meta property=\"og:description\" content=\"Establecemos acciones de comunicaci\u00f3n para favorece la internacionalizaci\u00f3n de tu compa\u00f1\u00eda.\" \/>\n<meta property=\"og:url\" content=\"https:\/\/mostazacomunicacion.com\/en\/sostenibilidad\/\" \/>\n<meta property=\"og:site_name\" content=\"Mostaza Comunicaci\u00f3n\" \/>\n<meta property=\"article:publisher\" content=\"https:\/\/www.facebook.com\/agenciamostazacomunicacion\/\" \/>\n<meta property=\"article:modified_time\" content=\"2025-02-06T09:49:45+00:00\" \/>\n<meta name=\"twitter:card\" content=\"summary_large_image\" \/>\n<meta name=\"twitter:site\" content=\"@mostaza\" \/>\n<script type=\"application\/ld+json\" class=\"yoast-schema-graph\">{\"@context\":\"https:\\\/\\\/schema.org\",\"@graph\":[{\"@type\":\"WebPage\",\"@id\":\"https:\\\/\\\/mostazacomunicacion.com\\\/en\\\/sostenibilidad\\\/\",\"url\":\"https:\\\/\\\/mostazacomunicacion.com\\\/en\\\/sostenibilidad\\\/\",\"name\":\"Sostenibilidad - Mostaza Comunicaci\u00f3n\",\"isPartOf\":{\"@id\":\"https:\\\/\\\/mostazacomunicacion.com\\\/#website\"},\"datePublished\":\"2023-09-13T14:51:53+00:00\",\"dateModified\":\"2025-02-06T09:49:45+00:00\",\"description\":\"Establecemos acciones de comunicaci\u00f3n para favorece la internacionalizaci\u00f3n de tu compa\u00f1\u00eda.\",\"breadcrumb\":{\"@id\":\"https:\\\/\\\/mostazacomunicacion.com\\\/en\\\/sostenibilidad\\\/#breadcrumb\"},\"inLanguage\":\"en-US\",\"potentialAction\":[{\"@type\":\"ReadAction\",\"target\":[\"https:\\\/\\\/mostazacomunicacion.com\\\/en\\\/sostenibilidad\\\/\"]}]},{\"@type\":\"BreadcrumbList\",\"@id\":\"https:\\\/\\\/mostazacomunicacion.com\\\/en\\\/sostenibilidad\\\/#breadcrumb\",\"itemListElement\":[{\"@type\":\"ListItem\",\"position\":1,\"name\":\"Portada\",\"item\":\"https:\\\/\\\/mostazacomunicacion.com\\\/en\\\/\"},{\"@type\":\"ListItem\",\"position\":2,\"name\":\"Sostenibilidad\"}]},{\"@type\":\"WebSite\",\"@id\":\"https:\\\/\\\/mostazacomunicacion.com\\\/#website\",\"url\":\"https:\\\/\\\/mostazacomunicacion.com\\\/\",\"name\":\"Mostaza Comunicaci\u00f3n\",\"description\":\"Agencia de Comunicaci\u00f3n interna en Barcelona. Movilizamos a las personas para acelerar los procesos de transformaci\u00f3n mejorando la experiencia de cliente. Somos la agencia de comunicaci\u00f3n de referencia cuando una empresa se encuentra en proceso de transformaci\u00f3n.\",\"publisher\":{\"@id\":\"https:\\\/\\\/mostazacomunicacion.com\\\/#organization\"},\"potentialAction\":[{\"@type\":\"SearchAction\",\"target\":{\"@type\":\"EntryPoint\",\"urlTemplate\":\"https:\\\/\\\/mostazacomunicacion.com\\\/?s={search_term_string}\"},\"query-input\":{\"@type\":\"PropertyValueSpecification\",\"valueRequired\":true,\"valueName\":\"search_term_string\"}}],\"inLanguage\":\"en-US\"},{\"@type\":\"Organization\",\"@id\":\"https:\\\/\\\/mostazacomunicacion.com\\\/#organization\",\"name\":\"Mostaza Comunicacion\",\"url\":\"https:\\\/\\\/mostazacomunicacion.com\\\/\",\"logo\":{\"@type\":\"ImageObject\",\"inLanguage\":\"en-US\",\"@id\":\"https:\\\/\\\/mostazacomunicacion.com\\\/#\\\/schema\\\/logo\\\/image\\\/\",\"url\":\"https:\\\/\\\/mostazacomunicacion.com\\\/wp-content\\\/uploads\\\/2015\\\/04\\\/mostaza_c2001.png\",\"contentUrl\":\"https:\\\/\\\/mostazacomunicacion.com\\\/wp-content\\\/uploads\\\/2015\\\/04\\\/mostaza_c2001.png\",\"width\":200,\"height\":47,\"caption\":\"Mostaza Comunicacion\"},\"image\":{\"@id\":\"https:\\\/\\\/mostazacomunicacion.com\\\/#\\\/schema\\\/logo\\\/image\\\/\"},\"sameAs\":[\"https:\\\/\\\/www.facebook.com\\\/agenciamostazacomunicacion\\\/\",\"https:\\\/\\\/x.com\\\/mostaza\",\"https:\\\/\\\/www.instagram.com\\\/mostazac\\\/\",\"https:\\\/\\\/www.linkedin.com\\\/company\\\/mostaza-comunicaci-n\\\/\",\"https:\\\/\\\/www.pinterest.es\\\/mostazac\\\/\"]}]}<\/script>\n<!-- \/ Yoast SEO plugin. -->","yoast_head_json":{"title":"Sostenibilidad - Mostaza Comunicaci\u00f3n","description":"Establecemos acciones de comunicaci\u00f3n para favorece la internacionalizaci\u00f3n de tu compa\u00f1\u00eda.","robots":{"index":"index","follow":"follow","max-snippet":"max-snippet:-1","max-image-preview":"max-image-preview:large","max-video-preview":"max-video-preview:-1"},"canonical":"https:\/\/mostazacomunicacion.com\/en\/sostenibilidad\/","og_locale":"en_US","og_type":"article","og_title":"Sostenibilidad - Mostaza Comunicaci\u00f3n","og_description":"Establecemos acciones de comunicaci\u00f3n para favorece la internacionalizaci\u00f3n de tu compa\u00f1\u00eda.","og_url":"https:\/\/mostazacomunicacion.com\/en\/sostenibilidad\/","og_site_name":"Mostaza Comunicaci\u00f3n","article_publisher":"https:\/\/www.facebook.com\/agenciamostazacomunicacion\/","article_modified_time":"2025-02-06T09:49:45+00:00","twitter_card":"summary_large_image","twitter_site":"@mostaza","schema":{"@context":"https:\/\/schema.org","@graph":[{"@type":"WebPage","@id":"https:\/\/mostazacomunicacion.com\/en\/sostenibilidad\/","url":"https:\/\/mostazacomunicacion.com\/en\/sostenibilidad\/","name":"Sostenibilidad - Mostaza Comunicaci\u00f3n","isPartOf":{"@id":"https:\/\/mostazacomunicacion.com\/#website"},"datePublished":"2023-09-13T14:51:53+00:00","dateModified":"2025-02-06T09:49:45+00:00","description":"Establecemos acciones de comunicaci\u00f3n para favorece la internacionalizaci\u00f3n de tu compa\u00f1\u00eda.","breadcrumb":{"@id":"https:\/\/mostazacomunicacion.com\/en\/sostenibilidad\/#breadcrumb"},"inLanguage":"en-US","potentialAction":[{"@type":"ReadAction","target":["https:\/\/mostazacomunicacion.com\/en\/sostenibilidad\/"]}]},{"@type":"BreadcrumbList","@id":"https:\/\/mostazacomunicacion.com\/en\/sostenibilidad\/#breadcrumb","itemListElement":[{"@type":"ListItem","position":1,"name":"Portada","item":"https:\/\/mostazacomunicacion.com\/en\/"},{"@type":"ListItem","position":2,"name":"Sostenibilidad"}]},{"@type":"WebSite","@id":"https:\/\/mostazacomunicacion.com\/#website","url":"https:\/\/mostazacomunicacion.com\/","name":"Mostaza Comunicaci\u00f3n","description":"Agencia de Comunicaci\u00f3n interna en Barcelona. Movilizamos a las personas para acelerar los procesos de transformaci\u00f3n mejorando la experiencia de cliente. Somos la agencia de comunicaci\u00f3n de referencia cuando una empresa se encuentra en proceso de transformaci\u00f3n.","publisher":{"@id":"https:\/\/mostazacomunicacion.com\/#organization"},"potentialAction":[{"@type":"SearchAction","target":{"@type":"EntryPoint","urlTemplate":"https:\/\/mostazacomunicacion.com\/?s={search_term_string}"},"query-input":{"@type":"PropertyValueSpecification","valueRequired":true,"valueName":"search_term_string"}}],"inLanguage":"en-US"},{"@type":"Organization","@id":"https:\/\/mostazacomunicacion.com\/#organization","name":"Mostaza Comunicacion","url":"https:\/\/mostazacomunicacion.com\/","logo":{"@type":"ImageObject","inLanguage":"en-US","@id":"https:\/\/mostazacomunicacion.com\/#\/schema\/logo\/image\/","url":"https:\/\/mostazacomunicacion.com\/wp-content\/uploads\/2015\/04\/mostaza_c2001.png","contentUrl":"https:\/\/mostazacomunicacion.com\/wp-content\/uploads\/2015\/04\/mostaza_c2001.png","width":200,"height":47,"caption":"Mostaza Comunicacion"},"image":{"@id":"https:\/\/mostazacomunicacion.com\/#\/schema\/logo\/image\/"},"sameAs":["https:\/\/www.facebook.com\/agenciamostazacomunicacion\/","https:\/\/x.com\/mostaza","https:\/\/www.instagram.com\/mostazac\/","https:\/\/www.linkedin.com\/company\/mostaza-comunicaci-n\/","https:\/\/www.pinterest.es\/mostazac\/"]}]}},"_links":{"self":[{"href":"https:\/\/mostazacomunicacion.com\/en\/wp-json\/wp\/v2\/pages\/10492","targetHints":{"allow":["GET"]}}],"collection":[{"href":"https:\/\/mostazacomunicacion.com\/en\/wp-json\/wp\/v2\/pages"}],"about":[{"href":"https:\/\/mostazacomunicacion.com\/en\/wp-json\/wp\/v2\/types\/page"}],"author":[{"embeddable":true,"href":"https:\/\/mostazacomunicacion.com\/en\/wp-json\/wp\/v2\/users\/1"}],"replies":[{"embeddable":true,"href":"https:\/\/mostazacomunicacion.com\/en\/wp-json\/wp\/v2\/comments?post=10492"}],"version-history":[{"count":11,"href":"https:\/\/mostazacomunicacion.com\/en\/wp-json\/wp\/v2\/pages\/10492\/revisions"}],"predecessor-version":[{"id":12709,"href":"https:\/\/mostazacomunicacion.com\/en\/wp-json\/wp\/v2\/pages\/10492\/revisions\/12709"}],"wp:attachment":[{"href":"https:\/\/mostazacomunicacion.com\/en\/wp-json\/wp\/v2\/media?parent=10492"}],"curies":[{"name":"wp","href":"https:\/\/api.w.org\/{rel}","templated":true}]}}