{"id":9532,"date":"2021-06-07T13:34:17","date_gmt":"2021-06-07T11:34:17","guid":{"rendered":"https:\/\/mostazacomunicacion.com\/en\/offtherecord\/"},"modified":"2023-01-04T13:44:42","modified_gmt":"2023-01-04T11:44:42","slug":"offtherecord","status":"publish","type":"page","link":"https:\/\/mostazacomunicacion.com\/en\/offtherecord\/","title":{"rendered":"#offtherecord"},"content":{"rendered":"<div  class=\"tatsu-By-P0VKo9O tatsu-section  tatsu-bg-overlay   tatsu-clearfix\" data-title=\"\"  data-headerscheme=\"background--dark\"><div class='tatsu-section-pad clearfix' data-padding='{\"d\":\"200px 0px 90px 0px\"}' data-padding-top='200px'><div class=\"tatsu-row-wrap  tatsu-wrap tatsu-row-one-col tatsu-row-has-one-cols tatsu-medium-gutter tatsu-reg-cols  tatsu-clearfix tatsu-BkgPANKocd\" ><div  class=\"tatsu-row \" ><div  class=\"tatsu-column  tatsu-bg-overlay tatsu-one-col tatsu-column-image-none tatsu-column-effect-none  tatsu-S1wCNtsqO\"  data-parallax-speed=\"0\" style=\"\"><div class=\"tatsu-column-inner \" ><div class=\"tatsu-column-pad-wrap\"><div class=\"tatsu-column-pad\" ><div  class=\"tatsu-module tatsu-animated-heading-wrap anime_slide_cursor  tatsu-SJ8rLtj5_   \"  data-anime-type=\"anime_slide_cursor\" data-anime-duration=\"40\" ><div class=\"tatsu-animated-heading-inner-wrap\" ><h1 class=\"tatsu-animated-heading-inner\">Offtherecord<\/h1><span class=\"tatsu-animated-heading-line tatsu-animated-heading-line2\"><\/span><\/div><style>.tatsu-SJ8rLtj5_.tatsu-animated-heading-wrap{text-align: left;}.tatsu-SJ8rLtj5_ .tatsu-animated-heading-inner{color: #ffffff ;font-family : \"Montserrat\",-apple-system,BlinkMacSystemFont,'Segoe UI',Roboto,Oxygen-Sans,Ubuntu,Cantarell,'Helvetica Neue',sans-serif;font-weight : 800;font-size : 74px;}.tatsu-SJ8rLtj5_ .tatsu-animated-heading-line{background: #dbaa00;}.tatsu-SJ8rLtj5_{margin: 0px 0px 5px 0%;}<\/style><\/div><div  class=\"tatsu-module tatsu-text-block-wrap tatsu-HyuaUYoq_  \"><div class=\"tatsu-text-inner tatsu-align-center  clearfix\" ><style>.tatsu-HyuaUYoq_.tatsu-text-block-wrap .tatsu-text-inner{width: 80%;text-align: left;color: rgba(255,255,255,1) ;}.tatsu-HyuaUYoq_ .tatsu-text-inner *{color: rgba(255,255,255,1) ;}.tatsu-HyuaUYoq_.tatsu-text-block-wrap .tatsu-text-inner *{font-family : \"Montserrat\",-apple-system,BlinkMacSystemFont,'Segoe UI',Roboto,Oxygen-Sans,Ubuntu,Cantarell,'Helvetica Neue',sans-serif;font-weight : 400;font-size : 18px;line-height : 30px;}<\/style>\n<p>We also mobilize ourselves! For our passions, hobbies, experiences&#8230; Everything has a place here. We are a team that mobilizes easily.<\/p>\n<\/div><\/div><\/div><\/div><div class = \"tatsu-column-bg-image-wrap\"><div class = \"tatsu-column-bg-image\" ><\/div><\/div><div class=\"tatsu-overlay tatsu-column-overlay tatsu-animate-none\" ><\/div><\/div><style>.tatsu-row > .tatsu-S1wCNtsqO.tatsu-column{width: 100%;}.tatsu-S1wCNtsqO.tatsu-column > .tatsu-column-inner > .tatsu-column-overlay{mix-blend-mode: normal;}.tatsu-S1wCNtsqO > .tatsu-column-inner > .tatsu-top-divider{z-index: 9999;}.tatsu-S1wCNtsqO > .tatsu-column-inner > .tatsu-bottom-divider{z-index: 9999;}.tatsu-S1wCNtsqO > .tatsu-column-inner > .tatsu-left-divider{z-index: 9999;}.tatsu-S1wCNtsqO > .tatsu-column-inner > .tatsu-right-divider{z-index: 9999;}@media only screen and (max-width:1377px) {.tatsu-row > .tatsu-S1wCNtsqO.tatsu-column{width: 100%;}}@media only screen and (min-width:768px) and (max-width: 1024px) {.tatsu-row > .tatsu-S1wCNtsqO.tatsu-column{width: 100%;}}@media only screen and (max-width: 767px) {.tatsu-row > .tatsu-S1wCNtsqO.tatsu-column{width: 100%;}}<\/style><\/div><\/div><\/div><\/div><div class=\"tatsu-section-background-wrap\"><div class = \"tatsu-section-background\" ><\/div><\/div><div class=\"tatsu-overlay tatsu-section-overlay\"><\/div><style>.tatsu-By-P0VKo9O.tatsu-section{background-color: rgba(0,0,0,1);}.tatsu-By-P0VKo9O .tatsu-section-pad{padding: 200px 0px 90px 0px;}.tatsu-By-P0VKo9O .tatsu-section-offset-wrap{transform: translateY(-0px);}.tatsu-By-P0VKo9O > .tatsu-bottom-divider{z-index: 9999;}.tatsu-By-P0VKo9O > .tatsu-top-divider{z-index: 9999;}.tatsu-By-P0VKo9O .tatsu-section-overlay{mix-blend-mode: normal;}<\/style><\/div><div  class=\"tatsu-ryWyHz1gyt tatsu-section  tatsu-bg-overlay   tatsu-clearfix\" data-title=\"\"  data-headerscheme=\"background--dark\"><div class='tatsu-section-pad clearfix' data-padding='{\"d\":\"0px 0px 0px 0px\"}' data-padding-top='0px'><div class=\"tatsu-row-wrap  tatsu-row-full-width tatsu-row-one-col tatsu-row-has-one-cols tatsu-medium-gutter tatsu-reg-cols  tatsu-clearfix tatsu-BygJBz1x1K\" ><div  class=\"tatsu-row \" ><div  class=\"tatsu-column  tatsu-bg-overlay tatsu-one-col tatsu-column-image-none tatsu-column-effect-none  tatsu-SJyrfkg1K\"  data-parallax-speed=\"0\" style=\"\"><div class=\"tatsu-column-inner \" ><div class=\"tatsu-column-pad-wrap\"><div class=\"tatsu-column-pad\" ><div  class = \"portfolio-all-wrap oshine-portfolio-module tatsu-BkDrMJx1t\"  > <div class=\"portfolio full-screen  portfolio-lazy-load full-screen-gutter masonry_enable style2-gutter three-col \"  data-action=\"get_ajax_full_screen_gutter_portfolio\" data-category=\"oftr,oftr-en\" data-aspect-ratio = \"1.6\" data-enable-masonry=\"1\" data-showposts=\"9\" data-paged=\"2\" data-col=\"three\" data-gallery=\"0\" data-filter=\"portfolio_categories\" data-meta_to_show=\"portfolio_tags\" data-show_filters=\"no\" data-thumbnail-bg-color=\"\" data-thumbnail-bg-gradient=\"background:#dbaa00\" data-title-style=\"style3\" data-placeholder-color=\"\" data-cat-color=\"rgba(255,255,255,1)\" data-title-color=\"rgba(255,255,255,1)\" data-hover-style=\"style1-hover\"  data-gutter-width=\"0\" data-img-grayscale=\"c_to_c\"\" data-gradient-style-color=\"background:#dbaa00\" data-cat-hide=\"1\" data-like-indicator=\"1\" style=\"margin-left: -0px;\"><div class=\"portfolio-container clickable clearfix portfolio-shortcode  none \"><div class=\"element be-hoverlay not-wide no-wide-width-height style1-hover c_to_c style3-title\"style=\"margin-bottom: 0px;\" data-category-names = \"\"><div class=\"element-inner\" style=\"margin-left: 0px;\"><a href=\"https:\/\/mostazacomunicacion.com\/en\/portfolio\/cronica-evento-group-after-sales\/\" class=\" thumb-wrap   \" data-gdpr-atts={} title=\"foco_395872228\" ><div class=\"flip-wrap\" ><div data-aspect-ratio=\"0.59\"  style = \"padding-bottom : 168.27344434706%;;\" class=\"flip-img-wrap\"><img decoding=\"async\" src=\"https:\/\/mostazacomunicacion.com\/wp-content\/uploads\/2022\/12\/foco_395872228-650x1094.webp\" alt=\"\"\/><\/div><\/div><div class=\"thumb-overlay \"><div class=\"thumb-bg \" style=\"background:rgba(214,234,32,0.85)\"><div class=\"thumb-title-wrap \"><div class=\"thumb-title animated animation-trigger\" data-animation-type=\"none\"style=\"color:rgba(255,255,255,1);\">Cr\u00f3nica Evento Group After Sales<\/div><\/div><\/div><\/div><\/a><\/div><\/div><div class=\"element be-hoverlay not-wide no-wide-width-height style1-hover c_to_c style3-title\"style=\"margin-bottom: 0px;\" data-category-names = \"\"><div class=\"element-inner\" style=\"margin-left: 0px;\"><a href=\"https:\/\/mostazacomunicacion.com\/en\/portfolio\/ultimo-sprint-antes-de-las-vacaciones\/\" class=\" thumb-wrap   \" data-gdpr-atts={} title=\"Seville,,Spain.,October,16th,,2020.,Old,Patisserie,Shop,In,Calle\" ><div class=\"flip-wrap\" ><div data-aspect-ratio=\"1.5\"  style = \"padding-bottom : 66.8%;;\" class=\"flip-img-wrap\"><img decoding=\"async\" src=\"https:\/\/mostazacomunicacion.com\/wp-content\/uploads\/2022\/07\/shutterstock_1809538942-650x434.jpg\" alt=\"\"\/><\/div><\/div><div class=\"thumb-overlay \"><div class=\"thumb-bg \" style=\"background:#dbaa00\"><div class=\"thumb-title-wrap \"><div class=\"thumb-title animated animation-trigger\" data-animation-type=\"none\"style=\"color:rgba(255,255,255,1);\">\u00daltimo sprint antes de las vacaciones<\/div><\/div><\/div><\/div><\/a><\/div><\/div><div class=\"element be-hoverlay not-wide no-wide-width-height style1-hover c_to_c style3-title\"style=\"margin-bottom: 0px;\" data-category-names = \"\"><div class=\"element-inner\" style=\"margin-left: 0px;\"><a href=\"https:\/\/mostazacomunicacion.com\/en\/portfolio\/feliz-dia-del-orgullo-friki\/\" class=\" thumb-wrap   \" data-gdpr-atts={} title=\"nyan-cat\" ><div class=\"flip-wrap\" ><div data-aspect-ratio=\"1\"  style = \"padding-bottom : 100%;;\" class=\"flip-img-wrap\"><img decoding=\"async\" src=\"https:\/\/mostazacomunicacion.com\/wp-content\/uploads\/2021\/07\/nyan-cat.gif\" alt=\"\"\/><\/div><\/div><div class=\"thumb-overlay \"><div class=\"thumb-bg \" style=\"background:rgba(178,25,255,0.85)\"><div class=\"thumb-title-wrap \"><div class=\"thumb-title animated animation-trigger\" data-animation-type=\"none\"style=\"color:rgba(255,255,255,1);\">Feliz d\u00eda del ORGULLO FRIKI<\/div><\/div><\/div><\/div><\/a><\/div><\/div><div class=\"element be-hoverlay not-wide wide-height style1-hover c_to_c style3-title\"style=\"margin-bottom: 0px;\" data-category-names = \"\"><div class=\"element-inner\" style=\"margin-left: 0px;\"><a href=\"https:\/\/mostazacomunicacion.com\/en\/portfolio\/sant-jordi-2020\/\" class=\" thumb-wrap   \" data-gdpr-atts={} title=\"santJordi-2\" ><div class=\"flip-wrap\" ><div data-aspect-ratio=\"0.58\"  style = \"padding-bottom : 171.581769437%;;\" class=\"flip-img-wrap\"><img decoding=\"async\" src=\"https:\/\/mostazacomunicacion.com\/wp-content\/uploads\/2021\/07\/santJordi-2-650x1115.jpg\" alt=\"\"\/><\/div><\/div><div class=\"thumb-overlay \"><div class=\"thumb-bg \" style=\"background:rgba(255,84,0,0.85)\"><div class=\"thumb-title-wrap \"><div class=\"thumb-title animated animation-trigger\" data-animation-type=\"none\"style=\"color:rgba(255,255,255,1);\">Sant Jordi 2020<\/div><\/div><\/div><\/div><\/a><\/div><\/div><div class=\"element be-hoverlay not-wide no-wide-width-height style1-hover c_to_c style3-title\"style=\"margin-bottom: 0px;\" data-category-names = \"\"><div class=\"element-inner\" style=\"margin-left: 0px;\"><a href=\"https:\/\/mostazacomunicacion.com\/en\/portfolio\/confinads-que-hemos-aprendido\/\" class=\" thumb-wrap   \" data-gdpr-atts={} title=\"BocataCalamares_1104293264\" ><div class=\"flip-wrap\" ><div data-aspect-ratio=\"1.12\"  style = \"padding-bottom : 89.2%;;\" class=\"flip-img-wrap\"><img decoding=\"async\" src=\"https:\/\/mostazacomunicacion.com\/wp-content\/uploads\/2021\/03\/BocataCalamares_1104293264-650x580.jpg\" alt=\"\"\/><\/div><\/div><div class=\"thumb-overlay \"><div class=\"thumb-bg \" style=\"background:rgba(14,147,76,0.85)\"><div class=\"thumb-title-wrap \"><div class=\"thumb-title animated animation-trigger\" data-animation-type=\"none\"style=\"color:rgba(255,255,255,1);\">Confinad@s. \u00bfQu\u00e9 hemos aprendido?<\/div><\/div><\/div><\/div><\/a><\/div><\/div><div class=\"element be-hoverlay not-wide no-wide-width-height style1-hover c_to_c style3-title\"style=\"margin-bottom: 0px;\" data-category-names = \"\"><div class=\"element-inner\" style=\"margin-left: 0px;\"><a href=\"https:\/\/mostazacomunicacion.com\/en\/portfolio\/tods-tenemos-muy-buen-fondo\/\" class=\" thumb-wrap   \" data-gdpr-atts={} title=\"Fondo-Mostaza-2\" ><div class=\"flip-wrap\" ><div data-aspect-ratio=\"1.78\"  style = \"padding-bottom : 56.25%;;\" class=\"flip-img-wrap\"><img decoding=\"async\" src=\"https:\/\/mostazacomunicacion.com\/wp-content\/uploads\/2020\/05\/a_Fondos_Mostaza_2-650x366.png\" alt=\"\"\/><\/div><\/div><div class=\"thumb-overlay \"><div class=\"thumb-bg \" style=\"background:rgba(40,212,255,0.85)\"><div class=\"thumb-title-wrap \"><div class=\"thumb-title animated animation-trigger\" data-animation-type=\"none\"style=\"color:rgba(255,255,255,1);\">Tod@s tenemos muy buen fondo<\/div><\/div><\/div><\/div><\/a><\/div><\/div><div class=\"element be-hoverlay not-wide no-wide-width-height style1-hover c_to_c style3-title\"style=\"margin-bottom: 0px;\" data-category-names = \"\"><div class=\"element-inner\" style=\"margin-left: 0px;\"><a href=\"https:\/\/mostazacomunicacion.com\/en\/portfolio\/oftr-confinads\/\" class=\" thumb-wrap   \" data-gdpr-atts={} title=\"Txell\" ><div class=\"flip-wrap\" ><div data-aspect-ratio=\"1.49\"  style = \"padding-bottom : 66.9%;;\" class=\"flip-img-wrap\"><img decoding=\"async\" src=\"https:\/\/mostazacomunicacion.com\/wp-content\/uploads\/2020\/04\/shutterstock_88322761-650x435.jpg\" alt=\"\"\/><\/div><\/div><div class=\"thumb-overlay \"><div class=\"thumb-bg \" style=\"background:rgba(242,113,99,0.85)\"><div class=\"thumb-title-wrap \"><div class=\"thumb-title animated animation-trigger\" data-animation-type=\"none\"style=\"color:rgba(255,255,255,1);\">Confinad@s<\/div><\/div><\/div><\/div><\/a><\/div><\/div><\/div><\/div><\/div><\/div><\/div><div class = \"tatsu-column-bg-image-wrap\"><div class = \"tatsu-column-bg-image\" ><\/div><\/div><div class=\"tatsu-overlay tatsu-column-overlay tatsu-animate-none\" ><\/div><\/div><style>.tatsu-row > .tatsu-SJyrfkg1K.tatsu-column{width: 100%;}.tatsu-SJyrfkg1K.tatsu-column > .tatsu-column-inner > .tatsu-column-overlay{mix-blend-mode: normal;}.tatsu-SJyrfkg1K > .tatsu-column-inner > .tatsu-top-divider{z-index: 9999;}.tatsu-SJyrfkg1K > .tatsu-column-inner > .tatsu-bottom-divider{z-index: 9999;}.tatsu-SJyrfkg1K > .tatsu-column-inner > .tatsu-left-divider{z-index: 9999;}.tatsu-SJyrfkg1K > .tatsu-column-inner > .tatsu-right-divider{z-index: 9999;}@media only screen and (max-width:1377px) {.tatsu-row > .tatsu-SJyrfkg1K.tatsu-column{width: 100%;}}@media only screen and (min-width:768px) and (max-width: 1024px) {.tatsu-row > .tatsu-SJyrfkg1K.tatsu-column{width: 100%;}}@media only screen and (max-width: 767px) {.tatsu-row > .tatsu-SJyrfkg1K.tatsu-column{width: 100%;}}<\/style><\/div><\/div><\/div><\/div><div class=\"tatsu-section-background-wrap\"><div class = \"tatsu-section-background\" ><\/div><\/div><div class=\"tatsu-overlay tatsu-section-overlay\"><\/div><style>.tatsu-ryWyHz1gyt.tatsu-section{background-color: rgba(0,0,0,1);}.tatsu-ryWyHz1gyt .tatsu-section-offset-wrap{transform: translateY(-0px);}.tatsu-ryWyHz1gyt > .tatsu-bottom-divider{z-index: 9999;}.tatsu-ryWyHz1gyt > .tatsu-top-divider{z-index: 9999;}.tatsu-ryWyHz1gyt .tatsu-section-overlay{mix-blend-mode: normal;}<\/style><\/div>\n","protected":false},"excerpt":{"rendered":"<p><a href=\"https:\/\/mostazacomunicacion.com\/en\/portfolio\/oftr-confinads\/\" class=\"more-link style1-button\">Read More<\/a><\/p>","protected":false},"author":1,"featured_media":0,"parent":0,"menu_order":0,"comment_status":"closed","ping_status":"closed","template":"","meta":{"footnotes":""},"class_list":["post-9532","page","type-page","status-publish","hentry"],"yoast_head":"<!-- This site is optimized with the Yoast SEO plugin v27.4 - https:\/\/yoast.com\/product\/yoast-seo-wordpress\/ -->\n<title>#offtherecord - Mostaza Comunicaci\u00f3n - nuestra mirada personal<\/title>\n<meta name=\"description\" content=\"En esta secci\u00f3n compartimos nuestra mirada personal -diversa, polifac\u00e9tica y ecl\u00e9ctica- sobre aquello que nos inspira o nos anima a reflexionar\" \/>\n<meta name=\"robots\" content=\"index, follow, max-snippet:-1, max-image-preview:large, max-video-preview:-1\" \/>\n<link rel=\"canonical\" href=\"https:\/\/mostazacomunicacion.com\/en\/offtherecord\/\" \/>\n<meta property=\"og:locale\" content=\"en_US\" \/>\n<meta property=\"og:type\" content=\"article\" \/>\n<meta property=\"og:title\" content=\"#offtherecord - Mostaza Comunicaci\u00f3n - nuestra mirada personal\" \/>\n<meta property=\"og:description\" content=\"En esta secci\u00f3n compartimos nuestra mirada personal -diversa, polifac\u00e9tica y ecl\u00e9ctica- sobre aquello que nos inspira o nos anima a reflexionar\" \/>\n<meta property=\"og:url\" content=\"https:\/\/mostazacomunicacion.com\/en\/offtherecord\/\" \/>\n<meta property=\"og:site_name\" content=\"Mostaza Comunicaci\u00f3n\" \/>\n<meta property=\"article:publisher\" content=\"https:\/\/www.facebook.com\/agenciamostazacomunicacion\/\" \/>\n<meta property=\"article:modified_time\" content=\"2023-01-04T11:44:42+00:00\" \/>\n<meta name=\"twitter:card\" content=\"summary_large_image\" \/>\n<meta name=\"twitter:site\" content=\"@mostaza\" \/>\n<script type=\"application\/ld+json\" class=\"yoast-schema-graph\">{\"@context\":\"https:\\\/\\\/schema.org\",\"@graph\":[{\"@type\":\"WebPage\",\"@id\":\"https:\\\/\\\/mostazacomunicacion.com\\\/en\\\/offtherecord\\\/\",\"url\":\"https:\\\/\\\/mostazacomunicacion.com\\\/en\\\/offtherecord\\\/\",\"name\":\"#offtherecord - Mostaza Comunicaci\u00f3n - nuestra mirada personal\",\"isPartOf\":{\"@id\":\"https:\\\/\\\/mostazacomunicacion.com\\\/#website\"},\"datePublished\":\"2021-06-07T11:34:17+00:00\",\"dateModified\":\"2023-01-04T11:44:42+00:00\",\"description\":\"En esta secci\u00f3n compartimos nuestra mirada personal -diversa, polifac\u00e9tica y ecl\u00e9ctica- sobre aquello que nos inspira o nos anima a reflexionar\",\"breadcrumb\":{\"@id\":\"https:\\\/\\\/mostazacomunicacion.com\\\/en\\\/offtherecord\\\/#breadcrumb\"},\"inLanguage\":\"en-US\",\"potentialAction\":[{\"@type\":\"ReadAction\",\"target\":[\"https:\\\/\\\/mostazacomunicacion.com\\\/en\\\/offtherecord\\\/\"]}]},{\"@type\":\"BreadcrumbList\",\"@id\":\"https:\\\/\\\/mostazacomunicacion.com\\\/en\\\/offtherecord\\\/#breadcrumb\",\"itemListElement\":[{\"@type\":\"ListItem\",\"position\":1,\"name\":\"Portada\",\"item\":\"https:\\\/\\\/mostazacomunicacion.com\\\/en\\\/\"},{\"@type\":\"ListItem\",\"position\":2,\"name\":\"#offtherecord\"}]},{\"@type\":\"WebSite\",\"@id\":\"https:\\\/\\\/mostazacomunicacion.com\\\/#website\",\"url\":\"https:\\\/\\\/mostazacomunicacion.com\\\/\",\"name\":\"Mostaza Comunicaci\u00f3n\",\"description\":\"Agencia de Comunicaci\u00f3n interna en Barcelona. Movilizamos a las personas para acelerar los procesos de transformaci\u00f3n mejorando la experiencia de cliente. Somos la agencia de comunicaci\u00f3n de referencia cuando una empresa se encuentra en proceso de transformaci\u00f3n.\",\"publisher\":{\"@id\":\"https:\\\/\\\/mostazacomunicacion.com\\\/#organization\"},\"potentialAction\":[{\"@type\":\"SearchAction\",\"target\":{\"@type\":\"EntryPoint\",\"urlTemplate\":\"https:\\\/\\\/mostazacomunicacion.com\\\/?s={search_term_string}\"},\"query-input\":{\"@type\":\"PropertyValueSpecification\",\"valueRequired\":true,\"valueName\":\"search_term_string\"}}],\"inLanguage\":\"en-US\"},{\"@type\":\"Organization\",\"@id\":\"https:\\\/\\\/mostazacomunicacion.com\\\/#organization\",\"name\":\"Mostaza Comunicacion\",\"url\":\"https:\\\/\\\/mostazacomunicacion.com\\\/\",\"logo\":{\"@type\":\"ImageObject\",\"inLanguage\":\"en-US\",\"@id\":\"https:\\\/\\\/mostazacomunicacion.com\\\/#\\\/schema\\\/logo\\\/image\\\/\",\"url\":\"https:\\\/\\\/mostazacomunicacion.com\\\/wp-content\\\/uploads\\\/2015\\\/04\\\/mostaza_c2001.png\",\"contentUrl\":\"https:\\\/\\\/mostazacomunicacion.com\\\/wp-content\\\/uploads\\\/2015\\\/04\\\/mostaza_c2001.png\",\"width\":200,\"height\":47,\"caption\":\"Mostaza Comunicacion\"},\"image\":{\"@id\":\"https:\\\/\\\/mostazacomunicacion.com\\\/#\\\/schema\\\/logo\\\/image\\\/\"},\"sameAs\":[\"https:\\\/\\\/www.facebook.com\\\/agenciamostazacomunicacion\\\/\",\"https:\\\/\\\/x.com\\\/mostaza\",\"https:\\\/\\\/www.instagram.com\\\/mostazac\\\/\",\"https:\\\/\\\/www.linkedin.com\\\/company\\\/mostaza-comunicaci-n\\\/\",\"https:\\\/\\\/www.pinterest.es\\\/mostazac\\\/\"]}]}<\/script>\n<!-- \/ Yoast SEO plugin. -->","yoast_head_json":{"title":"#offtherecord - Mostaza Comunicaci\u00f3n - nuestra mirada personal","description":"En esta secci\u00f3n compartimos nuestra mirada personal -diversa, polifac\u00e9tica y ecl\u00e9ctica- sobre aquello que nos inspira o nos anima a reflexionar","robots":{"index":"index","follow":"follow","max-snippet":"max-snippet:-1","max-image-preview":"max-image-preview:large","max-video-preview":"max-video-preview:-1"},"canonical":"https:\/\/mostazacomunicacion.com\/en\/offtherecord\/","og_locale":"en_US","og_type":"article","og_title":"#offtherecord - Mostaza Comunicaci\u00f3n - nuestra mirada personal","og_description":"En esta secci\u00f3n compartimos nuestra mirada personal -diversa, polifac\u00e9tica y ecl\u00e9ctica- sobre aquello que nos inspira o nos anima a reflexionar","og_url":"https:\/\/mostazacomunicacion.com\/en\/offtherecord\/","og_site_name":"Mostaza Comunicaci\u00f3n","article_publisher":"https:\/\/www.facebook.com\/agenciamostazacomunicacion\/","article_modified_time":"2023-01-04T11:44:42+00:00","twitter_card":"summary_large_image","twitter_site":"@mostaza","schema":{"@context":"https:\/\/schema.org","@graph":[{"@type":"WebPage","@id":"https:\/\/mostazacomunicacion.com\/en\/offtherecord\/","url":"https:\/\/mostazacomunicacion.com\/en\/offtherecord\/","name":"#offtherecord - Mostaza Comunicaci\u00f3n - nuestra mirada personal","isPartOf":{"@id":"https:\/\/mostazacomunicacion.com\/#website"},"datePublished":"2021-06-07T11:34:17+00:00","dateModified":"2023-01-04T11:44:42+00:00","description":"En esta secci\u00f3n compartimos nuestra mirada personal -diversa, polifac\u00e9tica y ecl\u00e9ctica- sobre aquello que nos inspira o nos anima a reflexionar","breadcrumb":{"@id":"https:\/\/mostazacomunicacion.com\/en\/offtherecord\/#breadcrumb"},"inLanguage":"en-US","potentialAction":[{"@type":"ReadAction","target":["https:\/\/mostazacomunicacion.com\/en\/offtherecord\/"]}]},{"@type":"BreadcrumbList","@id":"https:\/\/mostazacomunicacion.com\/en\/offtherecord\/#breadcrumb","itemListElement":[{"@type":"ListItem","position":1,"name":"Portada","item":"https:\/\/mostazacomunicacion.com\/en\/"},{"@type":"ListItem","position":2,"name":"#offtherecord"}]},{"@type":"WebSite","@id":"https:\/\/mostazacomunicacion.com\/#website","url":"https:\/\/mostazacomunicacion.com\/","name":"Mostaza Comunicaci\u00f3n","description":"Agencia de Comunicaci\u00f3n interna en Barcelona. Movilizamos a las personas para acelerar los procesos de transformaci\u00f3n mejorando la experiencia de cliente. Somos la agencia de comunicaci\u00f3n de referencia cuando una empresa se encuentra en proceso de transformaci\u00f3n.","publisher":{"@id":"https:\/\/mostazacomunicacion.com\/#organization"},"potentialAction":[{"@type":"SearchAction","target":{"@type":"EntryPoint","urlTemplate":"https:\/\/mostazacomunicacion.com\/?s={search_term_string}"},"query-input":{"@type":"PropertyValueSpecification","valueRequired":true,"valueName":"search_term_string"}}],"inLanguage":"en-US"},{"@type":"Organization","@id":"https:\/\/mostazacomunicacion.com\/#organization","name":"Mostaza Comunicacion","url":"https:\/\/mostazacomunicacion.com\/","logo":{"@type":"ImageObject","inLanguage":"en-US","@id":"https:\/\/mostazacomunicacion.com\/#\/schema\/logo\/image\/","url":"https:\/\/mostazacomunicacion.com\/wp-content\/uploads\/2015\/04\/mostaza_c2001.png","contentUrl":"https:\/\/mostazacomunicacion.com\/wp-content\/uploads\/2015\/04\/mostaza_c2001.png","width":200,"height":47,"caption":"Mostaza Comunicacion"},"image":{"@id":"https:\/\/mostazacomunicacion.com\/#\/schema\/logo\/image\/"},"sameAs":["https:\/\/www.facebook.com\/agenciamostazacomunicacion\/","https:\/\/x.com\/mostaza","https:\/\/www.instagram.com\/mostazac\/","https:\/\/www.linkedin.com\/company\/mostaza-comunicaci-n\/","https:\/\/www.pinterest.es\/mostazac\/"]}]}},"_links":{"self":[{"href":"https:\/\/mostazacomunicacion.com\/en\/wp-json\/wp\/v2\/pages\/9532","targetHints":{"allow":["GET"]}}],"collection":[{"href":"https:\/\/mostazacomunicacion.com\/en\/wp-json\/wp\/v2\/pages"}],"about":[{"href":"https:\/\/mostazacomunicacion.com\/en\/wp-json\/wp\/v2\/types\/page"}],"author":[{"embeddable":true,"href":"https:\/\/mostazacomunicacion.com\/en\/wp-json\/wp\/v2\/users\/1"}],"replies":[{"embeddable":true,"href":"https:\/\/mostazacomunicacion.com\/en\/wp-json\/wp\/v2\/comments?post=9532"}],"version-history":[{"count":5,"href":"https:\/\/mostazacomunicacion.com\/en\/wp-json\/wp\/v2\/pages\/9532\/revisions"}],"predecessor-version":[{"id":9906,"href":"https:\/\/mostazacomunicacion.com\/en\/wp-json\/wp\/v2\/pages\/9532\/revisions\/9906"}],"wp:attachment":[{"href":"https:\/\/mostazacomunicacion.com\/en\/wp-json\/wp\/v2\/media?parent=9532"}],"curies":[{"name":"wp","href":"https:\/\/api.w.org\/{rel}","templated":true}]}}