{"id":9571,"date":"2018-06-04T16:16:30","date_gmt":"2018-06-04T14:16:30","guid":{"rendered":"https:\/\/mostazacomunicacion.com\/en\/politica-de-privacidad\/"},"modified":"2022-09-22T17:56:40","modified_gmt":"2022-09-22T15:56:40","slug":"politica-de-privacidad","status":"publish","type":"page","link":"https:\/\/mostazacomunicacion.com\/en\/politica-de-privacidad\/","title":{"rendered":"Privacy policy"},"content":{"rendered":"<div  class=\"tatsu-Hk-9c9nfgX tatsu-section    tatsu-clearfix\" data-title=\"\"  data-headerscheme=\"background--dark\"><div class='tatsu-section-pad clearfix' data-padding='{\"d\":\"90px 0px 40px 0px \"}' data-padding-top='90px'><div class=\"tatsu-row-wrap  tatsu-wrap tatsu-row-one-col tatsu-row-has-one-cols tatsu-medium-gutter tatsu-reg-cols  tatsu-clearfix tatsu-Hye95q3Mgm\" ><div  class=\"tatsu-row \" ><div  class=\"tatsu-column  tatsu-column-no-bg tatsu-one-col tatsu-column-image-none tatsu-column-effect-none  tatsu-rJc9qnfgm\"  data-parallax-speed=\"0\" style=\"\"><div class=\"tatsu-column-inner \" ><div class=\"tatsu-column-pad-wrap\"><div class=\"tatsu-column-pad\" ><div  class=\"tatsu-module tatsu-text-block-wrap tatsu-HkX9f1meX  \"><div class=\"tatsu-text-inner tatsu-align-center  clearfix\" ><style>.tatsu-HkX9f1meX.tatsu-text-block-wrap .tatsu-text-inner{width: 100%;text-align: left;}<\/style>\n<h4>PRIVACY POLICY<\/h4>\n<\/div><\/div><div  class=\" tatsu-BymTpm6zeQ grid-wrap oshine-module align-center\"  data-col=\"2\"><style>.tatsu-BymTpm6zeQ .grid-col{border-color: #efefef; }<\/style><div class=\" tatsu-Bk3qV6fe7 grid-col  be-animate align-center\" data-animation=\"none\"><div class=\"grid-info\"><h5 style=\"text-align: left;\">Data controller<\/h5>\n<\/div><style>.tatsu-Bk3qV6fe7 .font-icon{color: #dbaa00 ;}<\/style><\/div><div class=\" tatsu-BygTa76zxX grid-col  be-animate align-center\" data-animation=\"none\"><div class=\"grid-info\"><p style=\"text-align: left;\">\u201c<strong>NEXE THE WAY OF CHANGE GROUP<\/strong>\u201d (&#8220;NEXE THE WAY OF CHANGE, S.L.&#8221;; &#8220;NEXE THE WAY OF CHANGE IBERIA, S.L.&#8221;; &#8220;NEXE KNOWLEDGE &amp; CHANGE, S.L.&#8221;; &#8220;ARISE CULTURE AND LEADERSHIP, S.L.&#8221;; and, &#8220;MOSTAZA COMUNICACI\u00d3N, S.L.&#8221;). <br \/>Avda. Diagonal, number 440, 5th floor, postal code number 08036, Barcelona (Spain).<\/p>\n<\/div><style>.tatsu-BygTa76zxX .font-icon{color: #dbaa00 ;}<\/style><\/div><div class=\" tatsu-S1pp7aGeQ grid-col  be-animate align-center\" data-animation=\"none\"><div class=\"grid-info\"><h5 style=\"text-align: left;\">Main purposes of processing<\/h5>\n<\/div><style>.tatsu-S1pp7aGeQ .font-icon{color: #dbaa00 ;}<\/style><\/div><div class=\" tatsu-Hy3YN6MeQ grid-col  be-animate align-center\" data-animation=\"none\"><div class=\"grid-info\"><ul>\n<li style=\"text-align: left;\">Manage the contracting of products and\/or services.<\/li>\n<li style=\"text-align: left;\">Sending commercial communications.<\/li>\n<li style=\"text-align: left;\">Resolution of queries raised through the website and\/or social networks.<\/li>\n<\/ul>\n<\/div><style>.tatsu-Hy3YN6MeQ .font-icon{color: #dbaa00 ;}<\/style><\/div><div class=\" tatsu-r1D5NpGgX grid-col  be-animate align-center\" data-animation=\"none\"><div class=\"grid-info\"><h5 style=\"text-align: left;\">Main legitimating bases<\/h5>\n<\/div><style>.tatsu-r1D5NpGgX .font-icon{color: #dbaa00 ;}<\/style><\/div><div class=\" tatsu-B1ZapQaMlQ grid-col  be-animate align-center\" data-animation=\"none\"><div class=\"grid-info\"><ul>\n<li style=\"text-align: left;\">Execution of the contract.<\/li>\n<li style=\"text-align: left;\">Consent.<\/li>\n<li style=\"text-align: left;\">Legitimate interest.<\/li>\n<li style=\"text-align: left;\">Compliance with legal obligations.<\/li>\n<\/ul>\n<\/div><style>.tatsu-B1ZapQaMlQ .font-icon{color: #dbaa00 ;}<\/style><\/div><div class=\" tatsu-r17mU6fem grid-col  be-animate align-center\" data-animation=\"none\"><div class=\"grid-info\"><h5 style=\"text-align: left;\">Rights<\/h5>\n<\/div><style>.tatsu-r17mU6fem .font-icon{color: #dbaa00 ;}<\/style><\/div><div class=\" tatsu-rk0jw6zgm grid-col  be-animate align-center\" data-animation=\"none\"><div class=\"grid-info\"><p style=\"text-align: left;\">Among others, right of access, rectification, deletion, opposition and data portability, right to oppose the treatment at any time, for reasons related to your particular situation, in case the treatment is based on legitimate interest.<\/p>\n<\/div><style>.tatsu-rk0jw6zgm .font-icon{color: #dbaa00 ;}<\/style><\/div><div class=\" tatsu-rySjvpMlX grid-col  be-animate align-center\" data-animation=\"none\"><div class=\"grid-info\"><h5 style=\"text-align: left;\">Origin<\/h5>\n<\/div><style>.tatsu-rySjvpMlX .font-icon{color: #dbaa00 ;}<\/style><\/div><div class=\" tatsu-HJ7NLafem grid-col  be-animate align-center\" data-animation=\"none\"><div class=\"grid-info\"><p style=\"text-align: left;\">Provided by the owner.<\/p>\n<\/div><style>.tatsu-HJ7NLafem .font-icon{color: #dbaa00 ;}<\/style><\/div><\/div><\/div><\/div><div class = \"tatsu-column-bg-image-wrap\"><div class = \"tatsu-column-bg-image\" ><\/div><\/div><\/div><style>.tatsu-row > .tatsu-rJc9qnfgm.tatsu-column{width: 100%;}.tatsu-rJc9qnfgm.tatsu-column > .tatsu-column-inner > .tatsu-column-overlay{mix-blend-mode: none;}.tatsu-rJc9qnfgm > .tatsu-column-inner > .tatsu-top-divider{z-index: 9999;}.tatsu-rJc9qnfgm > .tatsu-column-inner > .tatsu-bottom-divider{z-index: 9999;}.tatsu-rJc9qnfgm > .tatsu-column-inner > .tatsu-left-divider{z-index: 9999;}.tatsu-rJc9qnfgm > .tatsu-column-inner > .tatsu-right-divider{z-index: 9999;}<\/style><\/div><\/div><\/div><\/div><div class=\"tatsu-section-background-wrap\"><div class = \"tatsu-section-background\" ><\/div><\/div><style>.tatsu-Hk-9c9nfgX .tatsu-section-pad{padding: 90px 0px 40px 0px ;}.tatsu-Hk-9c9nfgX > .tatsu-bottom-divider{z-index: 9999;}.tatsu-Hk-9c9nfgX > .tatsu-top-divider{z-index: 9999;}<\/style><\/div><div  class=\"tatsu-S1e1XaflQ tatsu-section    tatsu-clearfix\" data-title=\"\"  data-headerscheme=\"background--dark\"><div class='tatsu-section-pad clearfix' data-padding='{\"d\":\"40px 0px 40px 0px \"}' data-padding-top='40px'><div class=\"tatsu-row-wrap  tatsu-wrap tatsu-row-one-col tatsu-row-has-one-cols tatsu-medium-gutter tatsu-reg-cols  tatsu-clearfix tatsu-HJll1m6flQ\" ><div  class=\"tatsu-row \" ><div  class=\"tatsu-column  tatsu-column-no-bg tatsu-one-col tatsu-column-image-none tatsu-column-effect-none  tatsu-rJZgkQazx7\"  data-parallax-speed=\"0\" style=\"\"><div class=\"tatsu-column-inner \" ><div class=\"tatsu-column-pad-wrap\"><div class=\"tatsu-column-pad\" ><div  class=\"tatsu-module tatsu-text-block-wrap tatsu-H1zl1QpMgX  \"><div class=\"tatsu-text-inner tatsu-align-center  clearfix\" ><style>.tatsu-H1zl1QpMgX.tatsu-text-block-wrap .tatsu-text-inner{width: 100%;text-align: left;}<\/style>\n<h5><strong>Who is the controller of personal data?<\/strong><\/h5>\n<p><strong>PROPRIETOR:<\/strong> \u201c<strong>NEXE THE WAY OF CHANGE GROUP<\/strong>\u201d (\u201cNEXE THE WAY OF CHANGE, S.L.\u201d; \u201cNEXE THE WAY OF CHANGE IBERIA, S.L.\u201d; \u201cNEXE KNOWLEDGE &#038; CHANGE, S.L.\u201d; \u201cARISE CULTURE AND LEADERSHIP, S.L.\u201d; y \u201cMOSTAZA COMUNICACI\u00d3N, S.L.\u201d). <strong>ADDRESS:<\/strong> -Avda. Diagonal, n\u00famero 440, planta 5\u00aa, c\u00f3digo postal n\u00famero 08036, Barcelona (Espa\u00f1a).<\/p>\n<\/div><\/div><\/div><\/div><div class = \"tatsu-column-bg-image-wrap\"><div class = \"tatsu-column-bg-image\" ><\/div><\/div><\/div><style>.tatsu-row > .tatsu-rJZgkQazx7.tatsu-column{width: 100%;}.tatsu-rJZgkQazx7.tatsu-column > .tatsu-column-inner > .tatsu-column-overlay{mix-blend-mode: none;}.tatsu-rJZgkQazx7 > .tatsu-column-inner > .tatsu-top-divider{z-index: 9999;}.tatsu-rJZgkQazx7 > .tatsu-column-inner > .tatsu-bottom-divider{z-index: 9999;}.tatsu-rJZgkQazx7 > .tatsu-column-inner > .tatsu-left-divider{z-index: 9999;}.tatsu-rJZgkQazx7 > .tatsu-column-inner > .tatsu-right-divider{z-index: 9999;}<\/style><\/div><\/div><\/div><\/div><div class=\"tatsu-section-background-wrap\"><div class = \"tatsu-section-background\" ><\/div><\/div><style>.tatsu-S1e1XaflQ.tatsu-section{background-color: rgba(245,245,248,1);}.tatsu-S1e1XaflQ .tatsu-section-pad{padding: 40px 0px 40px 0px ;}.tatsu-S1e1XaflQ > .tatsu-bottom-divider{z-index: 9999;}.tatsu-S1e1XaflQ > .tatsu-top-divider{z-index: 9999;}<\/style><\/div><div  class=\"tatsu-Hk90WpGlX tatsu-section    tatsu-clearfix\" data-title=\"\"  data-headerscheme=\"background--dark\"><div class='tatsu-section-pad clearfix' data-padding='{\"d\":\"40px 0px 40px 0px \"}' data-padding-top='40px'><div class=\"tatsu-row-wrap  tatsu-wrap tatsu-row-one-col tatsu-row-has-one-cols tatsu-medium-gutter tatsu-reg-cols  tatsu-clearfix tatsu-Bygq0ZTGe7\" ><div  class=\"tatsu-row \" ><div  class=\"tatsu-column  tatsu-column-no-bg tatsu-one-col tatsu-column-image-none tatsu-column-effect-none  tatsu-Skb5AZTGlm\"  data-parallax-speed=\"0\" style=\"\"><div class=\"tatsu-column-inner \" ><div class=\"tatsu-column-pad-wrap\"><div class=\"tatsu-column-pad\" ><div  class=\"tatsu-module tatsu-text-block-wrap tatsu-B1z50-pzxQ  \"><div class=\"tatsu-text-inner tatsu-align-center  clearfix\" ><style>.tatsu-B1z50-pzxQ.tatsu-text-block-wrap .tatsu-text-inner{width: 100%;text-align: left;}<\/style>\n<h5><strong>For what purposes do we process personal data?<\/strong><\/h5>\n<p>We inform you that the data provided will be incorporated into files owned by &#8220;NEXE THE WAY OF CHANGE GROUP&#8221;, for the management of customer accounts, as well as for sending additional information (invitations to events, satisfaction surveys, promotions, training), so we will treat your data for the following purposes:<\/p>\n<ul>\n<li>Manage your customer account<\/li>\n<li>Provide you with access to exclusive customer content and services;<\/li>\n<\/ul>\n<p>Likewise, and provided that you have given us your consent by ticking the box provided for this purpose on the registration form, we may process your data in order to:<\/p>\n<ul>\n<li>To send you the informative newsletter and additional information related to the services of &#8220;NEXE THE WAY OF CHANGE GROUP&#8221;, such as, for example, satisfaction surveys, invitations to events, trainings and promotions.<\/li>\n<\/ul>\n<\/div><\/div><\/div><\/div><div class = \"tatsu-column-bg-image-wrap\"><div class = \"tatsu-column-bg-image\" ><\/div><\/div><\/div><style>.tatsu-row > .tatsu-Skb5AZTGlm.tatsu-column{width: 100%;}.tatsu-Skb5AZTGlm.tatsu-column > .tatsu-column-inner > .tatsu-column-overlay{mix-blend-mode: none;}.tatsu-Skb5AZTGlm > .tatsu-column-inner > .tatsu-top-divider{z-index: 9999;}.tatsu-Skb5AZTGlm > .tatsu-column-inner > .tatsu-bottom-divider{z-index: 9999;}.tatsu-Skb5AZTGlm > .tatsu-column-inner > .tatsu-left-divider{z-index: 9999;}.tatsu-Skb5AZTGlm > .tatsu-column-inner > .tatsu-right-divider{z-index: 9999;}<\/style><\/div><\/div><\/div><\/div><div class=\"tatsu-section-background-wrap\"><div class = \"tatsu-section-background\" ><\/div><\/div><style>.tatsu-Hk90WpGlX .tatsu-section-pad{padding: 40px 0px 40px 0px ;}.tatsu-Hk90WpGlX > .tatsu-bottom-divider{z-index: 9999;}.tatsu-Hk90WpGlX > .tatsu-top-divider{z-index: 9999;}<\/style><\/div><div  class=\"tatsu-SJOPJTfeQ tatsu-section    tatsu-clearfix\" data-title=\"\"  data-headerscheme=\"background--dark\"><div class='tatsu-section-pad clearfix' data-padding='{\"d\":\"40px 0px 40px 0px \"}' data-padding-top='40px'><div class=\"tatsu-row-wrap  tatsu-wrap tatsu-row-one-col tatsu-row-has-one-cols tatsu-medium-gutter tatsu-reg-cols  tatsu-clearfix tatsu-ryluP1TGg7\" ><div  class=\"tatsu-row \" ><div  class=\"tatsu-column  tatsu-column-no-bg tatsu-one-col tatsu-column-image-none tatsu-column-effect-none  tatsu-r1ZuP16MgQ\"  data-parallax-speed=\"0\" style=\"\"><div class=\"tatsu-column-inner \" ><div class=\"tatsu-column-pad-wrap\"><div class=\"tatsu-column-pad\" ><div  class=\"tatsu-module tatsu-text-block-wrap tatsu-SJf_DkpfgX  \"><div class=\"tatsu-text-inner tatsu-align-center  clearfix\" ><style>.tatsu-SJf_DkpfgX.tatsu-text-block-wrap .tatsu-text-inner{width: 100%;text-align: left;}<\/style>\n<h5><strong>What rights do you have in case of data processing?<\/strong><\/h5>\n<p>We also inform you that you have a right of access, rectification, cancellation, opposition, forgetting, limitation or portability, which you can make effective at any time by sending a written communication to &#8220;NEXE THE WAY OF CHANGE GROUP&#8221;, with registered office in Barcelona, Avda. Diagonal, number 440, 5th floor, postal code number 08036 or contacting us at the e-mail address rgpd@nexe.com. Additionally, you will be able to lodge a complaint before the competent Control Authority if you consider that &#8220;NEXE THE WAY OF CHANGE GROUP&#8221; has treated your data against this Privacy Policy or any other related regulation in force. &#8220;NEXE THE WAY OF CHANGE GROUP&#8221; will treat the data at all times with absolute confidentiality and keeping the mandatory duty of secrecy regarding them, in accordance with the provisions of the applicable regulations, adopting for this purpose the necessary technical and organisational measures to ensure the security of your data and avoid its alteration, loss, treatment or unauthorised access, taking into account the state of technology, the nature of the data stored and the risks to which they are exposed. &#8220;NEXE THE WAY OF CHANGE GROUP&#8221; reserves the right to modify this Privacy Policy in order to adapt it to the new legislation that may be applicable. In such cases, it will announce on the Web Site the changes introduced with reasonable notice before their implementation.<\/p>\n<\/div><\/div><\/div><\/div><div class = \"tatsu-column-bg-image-wrap\"><div class = \"tatsu-column-bg-image\" ><\/div><\/div><\/div><style>.tatsu-row > .tatsu-r1ZuP16MgQ.tatsu-column{width: 100%;}.tatsu-r1ZuP16MgQ.tatsu-column > .tatsu-column-inner > .tatsu-column-overlay{mix-blend-mode: none;}.tatsu-r1ZuP16MgQ > .tatsu-column-inner > .tatsu-top-divider{z-index: 9999;}.tatsu-r1ZuP16MgQ > .tatsu-column-inner > .tatsu-bottom-divider{z-index: 9999;}.tatsu-r1ZuP16MgQ > .tatsu-column-inner > .tatsu-left-divider{z-index: 9999;}.tatsu-r1ZuP16MgQ > .tatsu-column-inner > .tatsu-right-divider{z-index: 9999;}<\/style><\/div><\/div><\/div><\/div><div class=\"tatsu-section-background-wrap\"><div class = \"tatsu-section-background\" ><\/div><\/div><style>.tatsu-SJOPJTfeQ.tatsu-section{background-color: rgba(245,245,248,1);}.tatsu-SJOPJTfeQ .tatsu-section-pad{padding: 40px 0px 40px 0px ;}.tatsu-SJOPJTfeQ > .tatsu-bottom-divider{z-index: 9999;}.tatsu-SJOPJTfeQ > .tatsu-top-divider{z-index: 9999;}<\/style><\/div>\n","protected":false},"excerpt":{"rendered":"<p><a href=\"https:\/\/mostazacomunicacion.com\/en\/politica-de-privacidad\/\" class=\"more-link style1-button\">Read More<\/a><\/p>","protected":false},"author":1,"featured_media":0,"parent":0,"menu_order":0,"comment_status":"closed","ping_status":"closed","template":"","meta":{"footnotes":""},"class_list":["post-9571","page","type-page","status-publish","hentry"],"yoast_head":"<!-- This site is optimized with the Yoast SEO plugin v27.4 - https:\/\/yoast.com\/product\/yoast-seo-wordpress\/ -->\n<title>Privacy policy - Mostaza Comunicaci\u00f3n<\/title>\n<meta name=\"robots\" content=\"index, follow, max-snippet:-1, max-image-preview:large, max-video-preview:-1\" \/>\n<link rel=\"canonical\" href=\"https:\/\/mostazacomunicacion.com\/en\/politica-de-privacidad\/\" \/>\n<meta property=\"og:locale\" content=\"en_US\" \/>\n<meta property=\"og:type\" content=\"article\" \/>\n<meta property=\"og:title\" content=\"Privacy policy - Mostaza Comunicaci\u00f3n\" \/>\n<meta property=\"og:url\" content=\"https:\/\/mostazacomunicacion.com\/en\/politica-de-privacidad\/\" \/>\n<meta property=\"og:site_name\" content=\"Mostaza Comunicaci\u00f3n\" \/>\n<meta property=\"article:publisher\" content=\"https:\/\/www.facebook.com\/agenciamostazacomunicacion\/\" \/>\n<meta property=\"article:modified_time\" content=\"2022-09-22T15:56:40+00:00\" \/>\n<meta name=\"twitter:card\" content=\"summary_large_image\" \/>\n<meta name=\"twitter:site\" content=\"@mostaza\" \/>\n<script type=\"application\/ld+json\" class=\"yoast-schema-graph\">{\"@context\":\"https:\\\/\\\/schema.org\",\"@graph\":[{\"@type\":\"WebPage\",\"@id\":\"https:\\\/\\\/mostazacomunicacion.com\\\/en\\\/politica-de-privacidad\\\/\",\"url\":\"https:\\\/\\\/mostazacomunicacion.com\\\/en\\\/politica-de-privacidad\\\/\",\"name\":\"Privacy policy - Mostaza Comunicaci\u00f3n\",\"isPartOf\":{\"@id\":\"https:\\\/\\\/mostazacomunicacion.com\\\/#website\"},\"datePublished\":\"2018-06-04T14:16:30+00:00\",\"dateModified\":\"2022-09-22T15:56:40+00:00\",\"breadcrumb\":{\"@id\":\"https:\\\/\\\/mostazacomunicacion.com\\\/en\\\/politica-de-privacidad\\\/#breadcrumb\"},\"inLanguage\":\"en-US\",\"potentialAction\":[{\"@type\":\"ReadAction\",\"target\":[\"https:\\\/\\\/mostazacomunicacion.com\\\/en\\\/politica-de-privacidad\\\/\"]}]},{\"@type\":\"BreadcrumbList\",\"@id\":\"https:\\\/\\\/mostazacomunicacion.com\\\/en\\\/politica-de-privacidad\\\/#breadcrumb\",\"itemListElement\":[{\"@type\":\"ListItem\",\"position\":1,\"name\":\"Portada\",\"item\":\"https:\\\/\\\/mostazacomunicacion.com\\\/en\\\/\"},{\"@type\":\"ListItem\",\"position\":2,\"name\":\"Privacy policy\"}]},{\"@type\":\"WebSite\",\"@id\":\"https:\\\/\\\/mostazacomunicacion.com\\\/#website\",\"url\":\"https:\\\/\\\/mostazacomunicacion.com\\\/\",\"name\":\"Mostaza Comunicaci\u00f3n\",\"description\":\"Agencia de Comunicaci\u00f3n interna en Barcelona. Movilizamos a las personas para acelerar los procesos de transformaci\u00f3n mejorando la experiencia de cliente. Somos la agencia de comunicaci\u00f3n de referencia cuando una empresa se encuentra en proceso de transformaci\u00f3n.\",\"publisher\":{\"@id\":\"https:\\\/\\\/mostazacomunicacion.com\\\/#organization\"},\"potentialAction\":[{\"@type\":\"SearchAction\",\"target\":{\"@type\":\"EntryPoint\",\"urlTemplate\":\"https:\\\/\\\/mostazacomunicacion.com\\\/?s={search_term_string}\"},\"query-input\":{\"@type\":\"PropertyValueSpecification\",\"valueRequired\":true,\"valueName\":\"search_term_string\"}}],\"inLanguage\":\"en-US\"},{\"@type\":\"Organization\",\"@id\":\"https:\\\/\\\/mostazacomunicacion.com\\\/#organization\",\"name\":\"Mostaza Comunicacion\",\"url\":\"https:\\\/\\\/mostazacomunicacion.com\\\/\",\"logo\":{\"@type\":\"ImageObject\",\"inLanguage\":\"en-US\",\"@id\":\"https:\\\/\\\/mostazacomunicacion.com\\\/#\\\/schema\\\/logo\\\/image\\\/\",\"url\":\"https:\\\/\\\/mostazacomunicacion.com\\\/wp-content\\\/uploads\\\/2015\\\/04\\\/mostaza_c2001.png\",\"contentUrl\":\"https:\\\/\\\/mostazacomunicacion.com\\\/wp-content\\\/uploads\\\/2015\\\/04\\\/mostaza_c2001.png\",\"width\":200,\"height\":47,\"caption\":\"Mostaza Comunicacion\"},\"image\":{\"@id\":\"https:\\\/\\\/mostazacomunicacion.com\\\/#\\\/schema\\\/logo\\\/image\\\/\"},\"sameAs\":[\"https:\\\/\\\/www.facebook.com\\\/agenciamostazacomunicacion\\\/\",\"https:\\\/\\\/x.com\\\/mostaza\",\"https:\\\/\\\/www.instagram.com\\\/mostazac\\\/\",\"https:\\\/\\\/www.linkedin.com\\\/company\\\/mostaza-comunicaci-n\\\/\",\"https:\\\/\\\/www.pinterest.es\\\/mostazac\\\/\"]}]}<\/script>\n<!-- \/ Yoast SEO plugin. -->","yoast_head_json":{"title":"Privacy policy - Mostaza Comunicaci\u00f3n","robots":{"index":"index","follow":"follow","max-snippet":"max-snippet:-1","max-image-preview":"max-image-preview:large","max-video-preview":"max-video-preview:-1"},"canonical":"https:\/\/mostazacomunicacion.com\/en\/politica-de-privacidad\/","og_locale":"en_US","og_type":"article","og_title":"Privacy policy - Mostaza Comunicaci\u00f3n","og_url":"https:\/\/mostazacomunicacion.com\/en\/politica-de-privacidad\/","og_site_name":"Mostaza Comunicaci\u00f3n","article_publisher":"https:\/\/www.facebook.com\/agenciamostazacomunicacion\/","article_modified_time":"2022-09-22T15:56:40+00:00","twitter_card":"summary_large_image","twitter_site":"@mostaza","schema":{"@context":"https:\/\/schema.org","@graph":[{"@type":"WebPage","@id":"https:\/\/mostazacomunicacion.com\/en\/politica-de-privacidad\/","url":"https:\/\/mostazacomunicacion.com\/en\/politica-de-privacidad\/","name":"Privacy policy - Mostaza Comunicaci\u00f3n","isPartOf":{"@id":"https:\/\/mostazacomunicacion.com\/#website"},"datePublished":"2018-06-04T14:16:30+00:00","dateModified":"2022-09-22T15:56:40+00:00","breadcrumb":{"@id":"https:\/\/mostazacomunicacion.com\/en\/politica-de-privacidad\/#breadcrumb"},"inLanguage":"en-US","potentialAction":[{"@type":"ReadAction","target":["https:\/\/mostazacomunicacion.com\/en\/politica-de-privacidad\/"]}]},{"@type":"BreadcrumbList","@id":"https:\/\/mostazacomunicacion.com\/en\/politica-de-privacidad\/#breadcrumb","itemListElement":[{"@type":"ListItem","position":1,"name":"Portada","item":"https:\/\/mostazacomunicacion.com\/en\/"},{"@type":"ListItem","position":2,"name":"Privacy policy"}]},{"@type":"WebSite","@id":"https:\/\/mostazacomunicacion.com\/#website","url":"https:\/\/mostazacomunicacion.com\/","name":"Mostaza Comunicaci\u00f3n","description":"Agencia de Comunicaci\u00f3n interna en Barcelona. Movilizamos a las personas para acelerar los procesos de transformaci\u00f3n mejorando la experiencia de cliente. Somos la agencia de comunicaci\u00f3n de referencia cuando una empresa se encuentra en proceso de transformaci\u00f3n.","publisher":{"@id":"https:\/\/mostazacomunicacion.com\/#organization"},"potentialAction":[{"@type":"SearchAction","target":{"@type":"EntryPoint","urlTemplate":"https:\/\/mostazacomunicacion.com\/?s={search_term_string}"},"query-input":{"@type":"PropertyValueSpecification","valueRequired":true,"valueName":"search_term_string"}}],"inLanguage":"en-US"},{"@type":"Organization","@id":"https:\/\/mostazacomunicacion.com\/#organization","name":"Mostaza Comunicacion","url":"https:\/\/mostazacomunicacion.com\/","logo":{"@type":"ImageObject","inLanguage":"en-US","@id":"https:\/\/mostazacomunicacion.com\/#\/schema\/logo\/image\/","url":"https:\/\/mostazacomunicacion.com\/wp-content\/uploads\/2015\/04\/mostaza_c2001.png","contentUrl":"https:\/\/mostazacomunicacion.com\/wp-content\/uploads\/2015\/04\/mostaza_c2001.png","width":200,"height":47,"caption":"Mostaza Comunicacion"},"image":{"@id":"https:\/\/mostazacomunicacion.com\/#\/schema\/logo\/image\/"},"sameAs":["https:\/\/www.facebook.com\/agenciamostazacomunicacion\/","https:\/\/x.com\/mostaza","https:\/\/www.instagram.com\/mostazac\/","https:\/\/www.linkedin.com\/company\/mostaza-comunicaci-n\/","https:\/\/www.pinterest.es\/mostazac\/"]}]}},"_links":{"self":[{"href":"https:\/\/mostazacomunicacion.com\/en\/wp-json\/wp\/v2\/pages\/9571","targetHints":{"allow":["GET"]}}],"collection":[{"href":"https:\/\/mostazacomunicacion.com\/en\/wp-json\/wp\/v2\/pages"}],"about":[{"href":"https:\/\/mostazacomunicacion.com\/en\/wp-json\/wp\/v2\/types\/page"}],"author":[{"embeddable":true,"href":"https:\/\/mostazacomunicacion.com\/en\/wp-json\/wp\/v2\/users\/1"}],"replies":[{"embeddable":true,"href":"https:\/\/mostazacomunicacion.com\/en\/wp-json\/wp\/v2\/comments?post=9571"}],"version-history":[{"count":6,"href":"https:\/\/mostazacomunicacion.com\/en\/wp-json\/wp\/v2\/pages\/9571\/revisions"}],"predecessor-version":[{"id":9788,"href":"https:\/\/mostazacomunicacion.com\/en\/wp-json\/wp\/v2\/pages\/9571\/revisions\/9788"}],"wp:attachment":[{"href":"https:\/\/mostazacomunicacion.com\/en\/wp-json\/wp\/v2\/media?parent=9571"}],"curies":[{"name":"wp","href":"https:\/\/api.w.org\/{rel}","templated":true}]}}