{"id":9729,"date":"2021-06-07T17:12:14","date_gmt":"2021-06-07T15:12:14","guid":{"rendered":"https:\/\/mostazacomunicacion.com\/en\/grupo-nexe\/"},"modified":"2025-11-18T11:24:41","modified_gmt":"2025-11-18T10:24:41","slug":"grupo-nexe","status":"publish","type":"page","link":"https:\/\/mostazacomunicacion.com\/en\/grupo-nexe\/","title":{"rendered":"Grupo Nexe"},"content":{"rendered":"<div  class=\"tatsu-HkSG6sFeWg tatsu-section  tatsu-fullscreen tatsu-bg-overlay   tatsu-clearfix\" data-title=\"\"  data-headerscheme=\"background--dark\"><div class=\"tatsu-fullscreen-wrap\"><div class='tatsu-section-pad clearfix' data-padding='{\"d\":\"160px 0% 90px 0%\"}' data-padding-top='160px'><div class=\"tatsu-row-wrap  tatsu-wrap tatsu-row-one-col tatsu-row-has-one-cols tatsu-medium-gutter tatsu-reg-cols  tatsu-clearfix tatsu-HkxBMpsKgbe\" ><div  class=\"tatsu-row \" ><div  class=\"tatsu-column  tatsu-column-no-bg tatsu-one-col tatsu-column-image-none tatsu-column-effect-none  tatsu-BJWHfajtgbl\"  data-parallax-speed=\"0\" style=\"\"><div class=\"tatsu-column-inner \" ><div class=\"tatsu-column-pad-wrap\"><div class=\"tatsu-column-pad\" ><div  class=\"tatsu-module tatsu-animated-heading-wrap anime_slide_cursor  tatsu-rJzSzpitgbe   \"  data-anime-type=\"anime_slide_cursor\" data-anime-duration=\"40\" ><div class=\"tatsu-animated-heading-inner-wrap\" ><h1 class=\"tatsu-animated-heading-inner\">Grupo Nexe<\/h1><span class=\"tatsu-animated-heading-line tatsu-animated-heading-line2\"><\/span><\/div><style>.tatsu-rJzSzpitgbe.tatsu-animated-heading-wrap{text-align: left;}.tatsu-rJzSzpitgbe .tatsu-animated-heading-inner{color: #ffffff ;font-family : \"Montserrat\",-apple-system,BlinkMacSystemFont,'Segoe UI',Roboto,Oxygen-Sans,Ubuntu,Cantarell,'Helvetica Neue',sans-serif;font-weight : 800;font-size : 70px;}.tatsu-rJzSzpitgbe .tatsu-animated-heading-line{background: #dbaa00;}.tatsu-rJzSzpitgbe{margin: 0px 0px 20px 10%;}<\/style><\/div><div  class=\"tatsu-module tatsu-text-block-wrap tatsu-Sk7HGaoFg-l  \"><div class=\"tatsu-text-inner tatsu-align-center  clearfix\" ><style>.tatsu-Sk7HGaoFg-l.tatsu-text-block-wrap .tatsu-text-inner{width: 80%;text-align: left;color: rgba(255,255,255,1) ;}.tatsu-Sk7HGaoFg-l.tatsu-text-block-wrap{margin: 0px 0px 120px 0px;}.tatsu-Sk7HGaoFg-l .tatsu-text-inner *{color: rgba(255,255,255,1) ;}.tatsu-Sk7HGaoFg-l.tatsu-text-block-wrap .tatsu-text-inner *{font-family : \"Montserrat\",-apple-system,BlinkMacSystemFont,'Segoe UI',Roboto,Oxygen-Sans,Ubuntu,Cantarell,'Helvetica Neue',sans-serif;font-weight : 400;font-size : 18px;line-height : 30px;}<\/style>\n<p>Aceleramos la evoluci\u00f3n y transformaci\u00f3n de negocios y organizaciones asegurando el go to market \u00f3ptimo, la rentabilidad y la excelencia operativa.<\/p>\n<\/div><\/div><div class=\"tatsu-row-wrap  tatsu-row-has-four-cols tatsu-medium-gutter tatsu-eq-cols tatsu-inner-row-wrap  tatsu-clearfix tatsu-HyESfasYebx\" ><style>.tatsu-HyESfasYebx.tatsu-row-wrap > .tatsu-row{border-radius: 16px;padding: 50px 0px 50px 0px;background-color: rgba(255,255,255,1);}<\/style><div  class=\"tatsu-row \" ><div  class=\"tatsu-column  tatsu-bg-overlay tatsu-one-fourth tatsu-column-align-middle tatsu-column-image- tatsu-column-effect-  tatsu-SyrBzTsFgWx\"  data-parallax-speed=\"0\" style=\"\"><div class=\"tatsu-column-inner \" ><div class=\"tatsu-column-pad-wrap\"><div class=\"tatsu-column-pad\" ><div  class=\"tatsu-single-image tatsu-module align-center tatsu-image-lazyload tatsu-HJIrfpjFlZg  \" ><div class=\"tatsu-single-image-inner \" style=\"width : 1200px;\" ><div class = \"tatsu-single-image-padding-wrap\" style = \"padding-bottom : 40%;\" ><\/div><a href = \"https:\/\/nexe.com\/\" ><img class = \"tatsu-gradient-border\" alt = \"\" title = \"logoNexe\" data-src = \"https:\/\/mostazacomunicacion.com\/wp-content\/uploads\/2021\/06\/logoNexe.png\" src =\"data:image\/png;base64,iVBORw0KGgoAAAANSUhEUgAAAAEAAAABCAQAAAC1HAwCAAAAC0lEQVR42mNkYAAAAAYAAjCB0C8AAAAASUVORK5CYII=\"  \/><\/a><\/div><style>.tatsu-HJIrfpjFlZg{margin: 0px 0px 20px 0px;padding: 0px 0 0 0;}.tatsu-HJIrfpjFlZg .tatsu-single-image-inner{border-style: solid;max-width: 66%;}.tatsu-HJIrfpjFlZg.tatsu-single-image{transform: translate3d(0px,0px, 0);}<\/style><\/div><div  class=\"tatsu-module tatsu-text-block-wrap tatsu-BJM8M6KeZg  \"><div class=\"tatsu-text-inner tatsu-align-center  clearfix\" ><style>.tatsu-BJM8M6KeZg.tatsu-text-block-wrap .tatsu-text-inner{width: 100%;text-align: left;color: rgba(0,0,0,1) ;}.tatsu-BJM8M6KeZg.tatsu-text-block-wrap{margin: 0px 0px 0px 0px;}.tatsu-BJM8M6KeZg .tatsu-text-inner *{color: rgba(0,0,0,1) ;}.tatsu-BJM8M6KeZg.tatsu-text-block-wrap .tatsu-text-inner *{font-family : \"Montserrat\",-apple-system,BlinkMacSystemFont,'Segoe UI',Roboto,Oxygen-Sans,Ubuntu,Cantarell,'Helvetica Neue',sans-serif;}<\/style>\n<p>Especialistas en acelerar la transformaci\u00f3n. Con una clara visi\u00f3n de crecimiento.<\/p>\n<\/div><\/div><\/div><\/div><div class = \"tatsu-column-bg-image-wrap\"><div class = \"tatsu-column-bg-image\" ><\/div><\/div><div class=\"tatsu-overlay tatsu-column-overlay tatsu-animate-none\" ><\/div><\/div><style>.tatsu-row > .tatsu-SyrBzTsFgWx.tatsu-column{width: 25%;}.tatsu-SyrBzTsFgWx.tatsu-column{margin: 0px 0px 0px 0px !important;}.tatsu-SyrBzTsFgWx.tatsu-column > .tatsu-column-inner{border-color: rgba(255,255,255,1); }.tatsu-SyrBzTsFgWx.tatsu-column > .tatsu-column-inner > .tatsu-column-overlay{mix-blend-mode: normal;}.tatsu-SyrBzTsFgWx > .tatsu-column-inner > .tatsu-top-divider{z-index: 9999;}.tatsu-SyrBzTsFgWx > .tatsu-column-inner > .tatsu-bottom-divider{z-index: 9999;}.tatsu-SyrBzTsFgWx > .tatsu-column-inner > .tatsu-left-divider{z-index: 9999;}.tatsu-SyrBzTsFgWx > .tatsu-column-inner > .tatsu-right-divider{z-index: 9999;}@media only screen and (max-width:1377px) {.tatsu-row > .tatsu-SyrBzTsFgWx.tatsu-column{width: 25%;}}@media only screen and (min-width:768px) and (max-width: 1024px) {.tatsu-row > .tatsu-SyrBzTsFgWx.tatsu-column{width: 25%;}}@media only screen and (max-width: 767px) {.tatsu-row > .tatsu-SyrBzTsFgWx.tatsu-column{width: 100%;}}<\/style><\/div><div  class=\"tatsu-column  tatsu-bg-overlay tatsu-one-fourth tatsu-column-align-middle tatsu-column-image- tatsu-column-effect-  tatsu-S1PHzTjtgbe\"  data-parallax-speed=\"0\" style=\"\"><div class=\"tatsu-column-inner \" ><div class=\"tatsu-column-pad-wrap\"><div class=\"tatsu-column-pad\" ><div  class=\"tatsu-single-image tatsu-module align-center tatsu-image-lazyload tatsu-S1cBz6sKebx  \" ><div class=\"tatsu-single-image-inner \" style=\"width : 637px;\" ><div class = \"tatsu-single-image-padding-wrap\" style = \"padding-bottom : 28.571428571429%;\" ><\/div><img class = \"tatsu-gradient-border\" alt = \"\" title = \"LogoMostaza2021\" data-src = \"https:\/\/mostazacomunicacion.com\/wp-content\/uploads\/2021\/05\/LogoMostaza2021.png\" src =\"data:image\/png;base64,iVBORw0KGgoAAAANSUhEUgAAAAEAAAABCAQAAAC1HAwCAAAAC0lEQVR42mNkYAAAAAYAAjCB0C8AAAAASUVORK5CYII=\"  \/><\/div><style>.tatsu-S1cBz6sKebx{margin: 0px 0px 10px 0px;padding: 0px 0 0 0;}.tatsu-S1cBz6sKebx .tatsu-single-image-inner{border-style: solid;max-width: 78%;}.tatsu-S1cBz6sKebx.tatsu-single-image{transform: translate3d(0px,0px, 0);}<\/style><\/div><div  class=\"tatsu-module tatsu-text-block-wrap tatsu-SkvkNTKgbx  \"><div class=\"tatsu-text-inner tatsu-align-center  clearfix\" ><style>.tatsu-SkvkNTKgbx.tatsu-text-block-wrap .tatsu-text-inner{width: 100%;text-align: left;color: rgba(0,0,0,1) ;}.tatsu-SkvkNTKgbx.tatsu-text-block-wrap{margin: 0px 0px 0px 0px;}.tatsu-SkvkNTKgbx .tatsu-text-inner *{color: rgba(0,0,0,1) ;}.tatsu-SkvkNTKgbx.tatsu-text-block-wrap .tatsu-text-inner *{font-family : \"Montserrat\",-apple-system,BlinkMacSystemFont,'Segoe UI',Roboto,Oxygen-Sans,Ubuntu,Cantarell,'Helvetica Neue',sans-serif;}<\/style>\n<p>Movilizando a las personas.<\/p>\n<\/div><\/div><\/div><\/div><div class = \"tatsu-column-bg-image-wrap\"><div class = \"tatsu-column-bg-image\" ><\/div><\/div><div class=\"tatsu-overlay tatsu-column-overlay tatsu-animate-none\" ><\/div><\/div><style>.tatsu-row > .tatsu-S1PHzTjtgbe.tatsu-column{width: 25%;}.tatsu-S1PHzTjtgbe.tatsu-column{margin: 0px 0px 30px 0px !important;}.tatsu-S1PHzTjtgbe.tatsu-column > .tatsu-column-inner{border-color: rgba(255,255,255,1); }.tatsu-S1PHzTjtgbe.tatsu-column > .tatsu-column-inner > .tatsu-column-overlay{mix-blend-mode: normal;}.tatsu-S1PHzTjtgbe > .tatsu-column-inner > .tatsu-top-divider{z-index: 9999;}.tatsu-S1PHzTjtgbe > .tatsu-column-inner > .tatsu-bottom-divider{z-index: 9999;}.tatsu-S1PHzTjtgbe > .tatsu-column-inner > .tatsu-left-divider{z-index: 9999;}.tatsu-S1PHzTjtgbe > .tatsu-column-inner > .tatsu-right-divider{z-index: 9999;}@media only screen and (max-width:1377px) {.tatsu-row > .tatsu-S1PHzTjtgbe.tatsu-column{width: 25%;}}@media only screen and (min-width:768px) and (max-width: 1024px) {.tatsu-row > .tatsu-S1PHzTjtgbe.tatsu-column{width: 25%;}}@media only screen and (max-width: 767px) {.tatsu-row > .tatsu-S1PHzTjtgbe.tatsu-column{width: 100%;}}<\/style><\/div><div  class=\"tatsu-column  tatsu-bg-overlay tatsu-one-fourth tatsu-column-align-middle tatsu-column-image- tatsu-column-effect-  tatsu-B1YHfTiFebe\"  data-parallax-speed=\"0\" style=\"\"><div class=\"tatsu-column-inner \" ><div class=\"tatsu-column-pad-wrap\"><div class=\"tatsu-column-pad\" ><div  class=\"tatsu-single-image tatsu-module align-center tatsu-image-lazyload tatsu-S1_rM6iYl-e  \" ><div class=\"tatsu-single-image-inner \" style=\"width : 400px;\" ><div class = \"tatsu-single-image-padding-wrap\" style = \"padding-bottom : 30.75%;\" ><\/div><a href = \"https:\/\/www.arise.pro\" ><img class = \"tatsu-gradient-border\" alt = \"\" title = \"logo_emotiva-e1530174573796\" data-src = \"https:\/\/mostazacomunicacion.com\/wp-content\/uploads\/2025\/11\/logo_emotiva-e1530174573796.png\" src =\"data:image\/png;base64,iVBORw0KGgoAAAANSUhEUgAAAAEAAAABCAQAAAC1HAwCAAAAC0lEQVR42mNkYAAAAAYAAjCB0C8AAAAASUVORK5CYII=\"  \/><\/a><\/div><style>.tatsu-S1_rM6iYl-e{margin: 0px 0px 20px 0px;padding: 0px 0 0 0;}.tatsu-S1_rM6iYl-e .tatsu-single-image-inner{border-style: solid;max-width: 77%;}.tatsu-S1_rM6iYl-e.tatsu-single-image{transform: translate3d(0px,0px, 0);}<\/style><\/div><div  class=\"tatsu-module tatsu-text-block-wrap tatsu-ByiPNaYgbe  \"><div class=\"tatsu-text-inner tatsu-align-center  clearfix\" ><style>.tatsu-ByiPNaYgbe.tatsu-text-block-wrap .tatsu-text-inner{width: 100%;text-align: left;color: rgba(0,0,0,1) ;}.tatsu-ByiPNaYgbe.tatsu-text-block-wrap{margin: 0px 0px 0px 0px;}.tatsu-ByiPNaYgbe .tatsu-text-inner *{color: rgba(0,0,0,1) ;}.tatsu-ByiPNaYgbe.tatsu-text-block-wrap .tatsu-text-inner *{font-family : \"Montserrat\",-apple-system,BlinkMacSystemFont,'Segoe UI',Roboto,Oxygen-Sans,Ubuntu,Cantarell,'Helvetica Neue',sans-serif;}<\/style>\n<p>Evolucionando el sistema humano.<\/p>\n<\/div><\/div><\/div><\/div><div class = \"tatsu-column-bg-image-wrap\"><div class = \"tatsu-column-bg-image\" ><\/div><\/div><div class=\"tatsu-overlay tatsu-column-overlay tatsu-animate-none\" ><\/div><\/div><style>.tatsu-row > .tatsu-B1YHfTiFebe.tatsu-column{width: 25%;}.tatsu-B1YHfTiFebe.tatsu-column{margin: 0px 0px 30px 0px !important;}.tatsu-B1YHfTiFebe.tatsu-column > .tatsu-column-inner > .tatsu-column-overlay{mix-blend-mode: normal;}.tatsu-B1YHfTiFebe > .tatsu-column-inner > .tatsu-top-divider{z-index: 9999;}.tatsu-B1YHfTiFebe > .tatsu-column-inner > .tatsu-bottom-divider{z-index: 9999;}.tatsu-B1YHfTiFebe > .tatsu-column-inner > .tatsu-left-divider{z-index: 9999;}.tatsu-B1YHfTiFebe > .tatsu-column-inner > .tatsu-right-divider{z-index: 9999;}@media only screen and (max-width:1377px) {.tatsu-row > .tatsu-B1YHfTiFebe.tatsu-column{width: 25%;}}@media only screen and (min-width:768px) and (max-width: 1024px) {.tatsu-row > .tatsu-B1YHfTiFebe.tatsu-column{width: 25%;}}@media only screen and (max-width: 767px) {.tatsu-row > .tatsu-B1YHfTiFebe.tatsu-column{width: 100%;}}<\/style><\/div><div  class=\"tatsu-column  tatsu-bg-overlay tatsu-one-fourth tatsu-column-align-middle tatsu-column-image- tatsu-column-effect-  tatsu-rkiHfpjKlZl\"  data-parallax-speed=\"0\" style=\"\"><div class=\"tatsu-column-inner \" ><div class=\"tatsu-column-pad-wrap\"><div class=\"tatsu-column-pad\" ><div  class=\"tatsu-single-image tatsu-module align-center tatsu-image-lazyload tatsu-rJ3rz6sKeWl  \" ><div class=\"tatsu-single-image-inner \" style=\"width : 250px;\" ><div class = \"tatsu-single-image-padding-wrap\" style = \"padding-bottom : 29.2%;\" ><\/div><img class = \"tatsu-gradient-border\" alt = \"\" title = \"cropped-250Logo-aprobado-Woenco-2\" data-src = \"https:\/\/mostazacomunicacion.com\/wp-content\/uploads\/2025\/11\/cropped-250Logo-aprobado-Woenco-2.png\" src =\"data:image\/png;base64,iVBORw0KGgoAAAANSUhEUgAAAAEAAAABCAQAAAC1HAwCAAAAC0lEQVR42mNkYAAAAAYAAjCB0C8AAAAASUVORK5CYII=\"  \/><\/div><style>.tatsu-rJ3rz6sKeWl{margin: 0px 0px 20px 0px;padding: 0px 0 0 0;}.tatsu-rJ3rz6sKeWl .tatsu-single-image-inner{border-style: solid;max-width: 62%;}.tatsu-rJ3rz6sKeWl.tatsu-single-image{transform: translate3d(0px,0px, 0);}<\/style><\/div><div  class=\"tatsu-module tatsu-text-block-wrap tatsu-r1Z6b6KxWg  \"><div class=\"tatsu-text-inner tatsu-align-center  clearfix\" ><style>.tatsu-r1Z6b6KxWg.tatsu-text-block-wrap .tatsu-text-inner{width: 100%;text-align: left;color: rgba(0,0,0,1) ;}.tatsu-r1Z6b6KxWg.tatsu-text-block-wrap{margin: 0px 0px 0px 0px;}.tatsu-r1Z6b6KxWg .tatsu-text-inner *{color: rgba(0,0,0,1) ;}.tatsu-r1Z6b6KxWg.tatsu-text-block-wrap .tatsu-text-inner *{font-family : \"Montserrat\",-apple-system,BlinkMacSystemFont,'Segoe UI',Roboto,Oxygen-Sans,Ubuntu,Cantarell,'Helvetica Neue',sans-serif;}<\/style>\n<p>Y mejorando la eficiencia y la competitividad.<\/p>\n<\/div><\/div><\/div><\/div><div class = \"tatsu-column-bg-image-wrap\"><div class = \"tatsu-column-bg-image\" ><\/div><\/div><div class=\"tatsu-overlay tatsu-column-overlay tatsu-animate-none\" ><\/div><\/div><style>.tatsu-row > .tatsu-rkiHfpjKlZl.tatsu-column{width: 25%;}.tatsu-rkiHfpjKlZl.tatsu-column{margin: 0px 0px 0px 0px !important;}.tatsu-rkiHfpjKlZl.tatsu-column > .tatsu-column-inner > .tatsu-column-overlay{mix-blend-mode: normal;}.tatsu-rkiHfpjKlZl > .tatsu-column-inner > .tatsu-top-divider{z-index: 9999;}.tatsu-rkiHfpjKlZl > .tatsu-column-inner > .tatsu-bottom-divider{z-index: 9999;}.tatsu-rkiHfpjKlZl > .tatsu-column-inner > .tatsu-left-divider{z-index: 9999;}.tatsu-rkiHfpjKlZl > .tatsu-column-inner > .tatsu-right-divider{z-index: 9999;}@media only screen and (max-width:1377px) {.tatsu-row > .tatsu-rkiHfpjKlZl.tatsu-column{width: 25%;}}@media only screen and (min-width:768px) and (max-width: 1024px) {.tatsu-row > .tatsu-rkiHfpjKlZl.tatsu-column{width: 25%;}}@media only screen and (max-width: 767px) {.tatsu-row > .tatsu-rkiHfpjKlZl.tatsu-column{width: 100%;}}<\/style><\/div><\/div><\/div><\/div><\/div><div class = \"tatsu-column-bg-image-wrap\"><div class = \"tatsu-column-bg-image\" ><\/div><\/div><\/div><style>.tatsu-row > .tatsu-BJWHfajtgbl.tatsu-column{width: 100%;}.tatsu-BJWHfajtgbl.tatsu-column > .tatsu-column-inner > .tatsu-column-overlay{mix-blend-mode: none;}.tatsu-BJWHfajtgbl > .tatsu-column-inner > .tatsu-top-divider{z-index: 9999;}.tatsu-BJWHfajtgbl > .tatsu-column-inner > .tatsu-bottom-divider{z-index: 9999;}.tatsu-BJWHfajtgbl > .tatsu-column-inner > .tatsu-left-divider{z-index: 9999;}.tatsu-BJWHfajtgbl > .tatsu-column-inner > .tatsu-right-divider{z-index: 9999;}<\/style><\/div><\/div><\/div><\/div><div class=\"tatsu-section-background-wrap\"><div class = \"tatsu-section-background\" ><\/div><\/div><div class=\"tatsu-overlay tatsu-section-overlay\"><\/div><\/div><style>.tatsu-HkSG6sFeWg.tatsu-section{background-color: rgba(0,0,0,1);}.tatsu-HkSG6sFeWg .tatsu-section-background{background-image: url(https:\/\/mostazacomunicacion.com\/wp-content\/uploads\/2021\/06\/meagan-carsience-TpG2TBiclik-unsplash-scaled.jpg);background-repeat: no-repeat;background-attachment: scroll;background-position: center center;background-size: contain;}.tatsu-HkSG6sFeWg .tatsu-bg-blur{background-repeat: no-repeat;background-attachment: scroll;background-position: center center;background-size: contain;}.tatsu-HkSG6sFeWg .tatsu-section-pad{padding: 160px 0% 90px 0%;}.tatsu-HkSG6sFeWg > .tatsu-bottom-divider{z-index: 9999;}.tatsu-HkSG6sFeWg > .tatsu-top-divider{z-index: 9999;}.tatsu-HkSG6sFeWg .tatsu-section-overlay{background: rgba(0,0,0,0.6);mix-blend-mode: normal;}.tatsu-HkSG6sFeWg .tatsu-fullscreen-wrap{align-items: center;}<\/style><\/div>\n","protected":false},"excerpt":{"rendered":"<p><a href=\"https:\/\/mostazacomunicacion.com\/en\/grupo-nexe\/\" class=\"more-link style1-button\">Read More<\/a><\/p>","protected":false},"author":1,"featured_media":0,"parent":0,"menu_order":0,"comment_status":"open","ping_status":"closed","template":"","meta":{"footnotes":""},"class_list":["post-9729","page","type-page","status-publish","hentry"],"yoast_head":"<!-- This site is optimized with the Yoast SEO plugin v27.6 - https:\/\/yoast.com\/product\/yoast-seo-wordpress\/ -->\n<title>Grupo Nexe - Mostaza Comunicaci\u00f3n<\/title>\n<meta name=\"description\" content=\"Aceleramos la evoluci\u00f3n y transformaci\u00f3n de negocios y organizaciones asegurando el go to market \u00f3ptimo, la rentabilidad y la excelencia operativa.\" \/>\n<meta name=\"robots\" content=\"index, follow, max-snippet:-1, max-image-preview:large, max-video-preview:-1\" \/>\n<link rel=\"canonical\" href=\"https:\/\/mostazacomunicacion.com\/en\/grupo-nexe\/\" \/>\n<meta property=\"og:locale\" content=\"en_US\" \/>\n<meta property=\"og:type\" content=\"article\" \/>\n<meta property=\"og:title\" content=\"Grupo Nexe - Mostaza Comunicaci\u00f3n\" \/>\n<meta property=\"og:description\" content=\"Aceleramos la evoluci\u00f3n y transformaci\u00f3n de negocios y organizaciones asegurando el go to market \u00f3ptimo, la rentabilidad y la excelencia operativa.\" \/>\n<meta property=\"og:url\" content=\"https:\/\/mostazacomunicacion.com\/en\/grupo-nexe\/\" \/>\n<meta property=\"og:site_name\" content=\"Mostaza Comunicaci\u00f3n\" \/>\n<meta property=\"article:publisher\" content=\"https:\/\/www.facebook.com\/agenciamostazacomunicacion\/\" \/>\n<meta property=\"article:modified_time\" content=\"2025-11-18T10:24:41+00:00\" \/>\n<meta name=\"twitter:card\" content=\"summary_large_image\" \/>\n<meta name=\"twitter:site\" content=\"@mostaza\" \/>\n<script type=\"application\/ld+json\" class=\"yoast-schema-graph\">{\"@context\":\"https:\\\/\\\/schema.org\",\"@graph\":[{\"@type\":\"WebPage\",\"@id\":\"https:\\\/\\\/mostazacomunicacion.com\\\/en\\\/grupo-nexe\\\/\",\"url\":\"https:\\\/\\\/mostazacomunicacion.com\\\/en\\\/grupo-nexe\\\/\",\"name\":\"Grupo Nexe - Mostaza Comunicaci\u00f3n\",\"isPartOf\":{\"@id\":\"https:\\\/\\\/mostazacomunicacion.com\\\/#website\"},\"datePublished\":\"2021-06-07T15:12:14+00:00\",\"dateModified\":\"2025-11-18T10:24:41+00:00\",\"description\":\"Aceleramos la evoluci\u00f3n y transformaci\u00f3n de negocios y organizaciones asegurando el go to market \u00f3ptimo, la rentabilidad y la excelencia operativa.\",\"breadcrumb\":{\"@id\":\"https:\\\/\\\/mostazacomunicacion.com\\\/en\\\/grupo-nexe\\\/#breadcrumb\"},\"inLanguage\":\"en-US\",\"potentialAction\":[{\"@type\":\"ReadAction\",\"target\":[\"https:\\\/\\\/mostazacomunicacion.com\\\/en\\\/grupo-nexe\\\/\"]}]},{\"@type\":\"BreadcrumbList\",\"@id\":\"https:\\\/\\\/mostazacomunicacion.com\\\/en\\\/grupo-nexe\\\/#breadcrumb\",\"itemListElement\":[{\"@type\":\"ListItem\",\"position\":1,\"name\":\"Portada\",\"item\":\"https:\\\/\\\/mostazacomunicacion.com\\\/en\\\/\"},{\"@type\":\"ListItem\",\"position\":2,\"name\":\"Grupo Nexe\"}]},{\"@type\":\"WebSite\",\"@id\":\"https:\\\/\\\/mostazacomunicacion.com\\\/#website\",\"url\":\"https:\\\/\\\/mostazacomunicacion.com\\\/\",\"name\":\"Mostaza Comunicaci\u00f3n\",\"description\":\"Agencia de Comunicaci\u00f3n interna en Barcelona. Movilizamos a las personas para acelerar los procesos de transformaci\u00f3n mejorando la experiencia de cliente. Somos la agencia de comunicaci\u00f3n de referencia cuando una empresa se encuentra en proceso de transformaci\u00f3n.\",\"publisher\":{\"@id\":\"https:\\\/\\\/mostazacomunicacion.com\\\/#organization\"},\"potentialAction\":[{\"@type\":\"SearchAction\",\"target\":{\"@type\":\"EntryPoint\",\"urlTemplate\":\"https:\\\/\\\/mostazacomunicacion.com\\\/?s={search_term_string}\"},\"query-input\":{\"@type\":\"PropertyValueSpecification\",\"valueRequired\":true,\"valueName\":\"search_term_string\"}}],\"inLanguage\":\"en-US\"},{\"@type\":\"Organization\",\"@id\":\"https:\\\/\\\/mostazacomunicacion.com\\\/#organization\",\"name\":\"Mostaza Comunicacion\",\"url\":\"https:\\\/\\\/mostazacomunicacion.com\\\/\",\"logo\":{\"@type\":\"ImageObject\",\"inLanguage\":\"en-US\",\"@id\":\"https:\\\/\\\/mostazacomunicacion.com\\\/#\\\/schema\\\/logo\\\/image\\\/\",\"url\":\"https:\\\/\\\/mostazacomunicacion.com\\\/wp-content\\\/uploads\\\/2015\\\/04\\\/mostaza_c2001.png\",\"contentUrl\":\"https:\\\/\\\/mostazacomunicacion.com\\\/wp-content\\\/uploads\\\/2015\\\/04\\\/mostaza_c2001.png\",\"width\":200,\"height\":47,\"caption\":\"Mostaza Comunicacion\"},\"image\":{\"@id\":\"https:\\\/\\\/mostazacomunicacion.com\\\/#\\\/schema\\\/logo\\\/image\\\/\"},\"sameAs\":[\"https:\\\/\\\/www.facebook.com\\\/agenciamostazacomunicacion\\\/\",\"https:\\\/\\\/x.com\\\/mostaza\",\"https:\\\/\\\/www.instagram.com\\\/mostazac\\\/\",\"https:\\\/\\\/www.linkedin.com\\\/company\\\/mostaza-comunicaci-n\\\/\",\"https:\\\/\\\/www.pinterest.es\\\/mostazac\\\/\"]}]}<\/script>\n<!-- \/ Yoast SEO plugin. -->","yoast_head_json":{"title":"Grupo Nexe - Mostaza Comunicaci\u00f3n","description":"Aceleramos la evoluci\u00f3n y transformaci\u00f3n de negocios y organizaciones asegurando el go to market \u00f3ptimo, la rentabilidad y la excelencia operativa.","robots":{"index":"index","follow":"follow","max-snippet":"max-snippet:-1","max-image-preview":"max-image-preview:large","max-video-preview":"max-video-preview:-1"},"canonical":"https:\/\/mostazacomunicacion.com\/en\/grupo-nexe\/","og_locale":"en_US","og_type":"article","og_title":"Grupo Nexe - Mostaza Comunicaci\u00f3n","og_description":"Aceleramos la evoluci\u00f3n y transformaci\u00f3n de negocios y organizaciones asegurando el go to market \u00f3ptimo, la rentabilidad y la excelencia operativa.","og_url":"https:\/\/mostazacomunicacion.com\/en\/grupo-nexe\/","og_site_name":"Mostaza Comunicaci\u00f3n","article_publisher":"https:\/\/www.facebook.com\/agenciamostazacomunicacion\/","article_modified_time":"2025-11-18T10:24:41+00:00","twitter_card":"summary_large_image","twitter_site":"@mostaza","schema":{"@context":"https:\/\/schema.org","@graph":[{"@type":"WebPage","@id":"https:\/\/mostazacomunicacion.com\/en\/grupo-nexe\/","url":"https:\/\/mostazacomunicacion.com\/en\/grupo-nexe\/","name":"Grupo Nexe - Mostaza Comunicaci\u00f3n","isPartOf":{"@id":"https:\/\/mostazacomunicacion.com\/#website"},"datePublished":"2021-06-07T15:12:14+00:00","dateModified":"2025-11-18T10:24:41+00:00","description":"Aceleramos la evoluci\u00f3n y transformaci\u00f3n de negocios y organizaciones asegurando el go to market \u00f3ptimo, la rentabilidad y la excelencia operativa.","breadcrumb":{"@id":"https:\/\/mostazacomunicacion.com\/en\/grupo-nexe\/#breadcrumb"},"inLanguage":"en-US","potentialAction":[{"@type":"ReadAction","target":["https:\/\/mostazacomunicacion.com\/en\/grupo-nexe\/"]}]},{"@type":"BreadcrumbList","@id":"https:\/\/mostazacomunicacion.com\/en\/grupo-nexe\/#breadcrumb","itemListElement":[{"@type":"ListItem","position":1,"name":"Portada","item":"https:\/\/mostazacomunicacion.com\/en\/"},{"@type":"ListItem","position":2,"name":"Grupo Nexe"}]},{"@type":"WebSite","@id":"https:\/\/mostazacomunicacion.com\/#website","url":"https:\/\/mostazacomunicacion.com\/","name":"Mostaza Comunicaci\u00f3n","description":"Agencia de Comunicaci\u00f3n interna en Barcelona. Movilizamos a las personas para acelerar los procesos de transformaci\u00f3n mejorando la experiencia de cliente. Somos la agencia de comunicaci\u00f3n de referencia cuando una empresa se encuentra en proceso de transformaci\u00f3n.","publisher":{"@id":"https:\/\/mostazacomunicacion.com\/#organization"},"potentialAction":[{"@type":"SearchAction","target":{"@type":"EntryPoint","urlTemplate":"https:\/\/mostazacomunicacion.com\/?s={search_term_string}"},"query-input":{"@type":"PropertyValueSpecification","valueRequired":true,"valueName":"search_term_string"}}],"inLanguage":"en-US"},{"@type":"Organization","@id":"https:\/\/mostazacomunicacion.com\/#organization","name":"Mostaza Comunicacion","url":"https:\/\/mostazacomunicacion.com\/","logo":{"@type":"ImageObject","inLanguage":"en-US","@id":"https:\/\/mostazacomunicacion.com\/#\/schema\/logo\/image\/","url":"https:\/\/mostazacomunicacion.com\/wp-content\/uploads\/2015\/04\/mostaza_c2001.png","contentUrl":"https:\/\/mostazacomunicacion.com\/wp-content\/uploads\/2015\/04\/mostaza_c2001.png","width":200,"height":47,"caption":"Mostaza Comunicacion"},"image":{"@id":"https:\/\/mostazacomunicacion.com\/#\/schema\/logo\/image\/"},"sameAs":["https:\/\/www.facebook.com\/agenciamostazacomunicacion\/","https:\/\/x.com\/mostaza","https:\/\/www.instagram.com\/mostazac\/","https:\/\/www.linkedin.com\/company\/mostaza-comunicaci-n\/","https:\/\/www.pinterest.es\/mostazac\/"]}]}},"_links":{"self":[{"href":"https:\/\/mostazacomunicacion.com\/en\/wp-json\/wp\/v2\/pages\/9729","targetHints":{"allow":["GET"]}}],"collection":[{"href":"https:\/\/mostazacomunicacion.com\/en\/wp-json\/wp\/v2\/pages"}],"about":[{"href":"https:\/\/mostazacomunicacion.com\/en\/wp-json\/wp\/v2\/types\/page"}],"author":[{"embeddable":true,"href":"https:\/\/mostazacomunicacion.com\/en\/wp-json\/wp\/v2\/users\/1"}],"replies":[{"embeddable":true,"href":"https:\/\/mostazacomunicacion.com\/en\/wp-json\/wp\/v2\/comments?post=9729"}],"version-history":[{"count":8,"href":"https:\/\/mostazacomunicacion.com\/en\/wp-json\/wp\/v2\/pages\/9729\/revisions"}],"predecessor-version":[{"id":13297,"href":"https:\/\/mostazacomunicacion.com\/en\/wp-json\/wp\/v2\/pages\/9729\/revisions\/13297"}],"wp:attachment":[{"href":"https:\/\/mostazacomunicacion.com\/en\/wp-json\/wp\/v2\/media?parent=9729"}],"curies":[{"name":"wp","href":"https:\/\/api.w.org\/{rel}","templated":true}]}}